{"id":391,"date":"2025-02-28T13:11:48","date_gmt":"2025-02-28T13:11:48","guid":{"rendered":"https:\/\/namastecenter.es\/?post_type=product&#038;p=391"},"modified":"2025-12-18T11:15:00","modified_gmt":"2025-12-18T11:15:00","slug":"shiatsu-70min","status":"publish","type":"product","link":"https:\/\/namastecenter.es\/es\/playa-del-ingles\/masajes\/shiatsu-70min\/","title":{"rendered":"Shiatsu (70min)"},"content":{"rendered":"<p>Que es Shiatsu<br \/>\nShiatsu, t\u00e9rmino derivado de las palabras japonesas \u00abshi\u00bb (dedo) y \u00abatsu\u00bb (presi\u00f3n), es una t\u00e9cnica de acupresi\u00f3n sobre el cuerpo que utiliza la presi\u00f3n de los dedos, as\u00ed como de las palmas de las manos, los codos e incluso la rodillas y pies, para estimular las v\u00edas energ\u00e9ticas del cuerpo llamadas \u00abmeridianos\u00bb. Arraigado en antiguas tradiciones japonesas e influenciado por conceptos de la medicina china, el Shiatsu ofrece un enfoque hol\u00edstico de la salud y el bienestar.<\/p>\n<p>\u00bfQu\u00e9 es el shiatsu?<br \/>\nOr\u00edgenes y evoluci\u00f3n<br \/>\nEl shiatsu tiene sus ra\u00edces en la t\u00e9cnica tradicional japonesa llamada \u00abAnma\u00bb. Sin embargo, mientras Anma se centraba m\u00e1s en masajear m\u00fasculos y ligamentos, Shiatsu enfatizaba la importancia del flujo de energ\u00eda. Con el tiempo, los practicantes de Shiatsu han incorporado los principios de la Medicina Tradicional China (MTC), incluidos los conceptos de Qi (energ\u00eda vital) y meridianos (v\u00edas energ\u00e9ticas).<\/p>\n<p>\u00bfC\u00f3mo funciona el Shiatsu?<br \/>\nEl Shiatsu se basa en la tesis de que el cuerpo contiene una fuerza o energ\u00eda vital llamada Qi. Cuando esta energ\u00eda fluye libremente, los individuos experimentan un buen equilibrio. Sin embargo, las interrupciones o bloqueos en este flujo pueden provocar enfermedades o dolencias. Shiatsu tiene como objetivo restaurar y mantener el equilibrio del Qi estimulando puntos meridianos espec\u00edficos, mejorando las capacidades curativas naturales del cuerpo.<\/p>\n<p>T\u00e9cnicas y pr\u00e1cticas<br \/>\nDurante una sesi\u00f3n de Shiatsu:<\/p>\n<p>Evaluaci\u00f3n: El practicante generalmente comienza evaluando el estado energ\u00e9tico, el estilo de vida y la condici\u00f3n f\u00edsica actual del cliente.<br \/>\nAplicar presi\u00f3n: utilizando los pulgares, los dedos, las palmas, los codos y las rodillas, el operador aplica presi\u00f3n en puntos o \u00e1reas espec\u00edficas del cuerpo. La presi\u00f3n puede variar de suave a firme.<br \/>\nEstiramiento: Shiatsu tambi\u00e9n incluye estiramientos y rotaciones de articulaciones para mejorar la flexibilidad y el flujo de energ\u00eda.<br \/>\nRespiraci\u00f3n: los clientes pueden ser guiados en patrones de respiraci\u00f3n espec\u00edficos durante la sesi\u00f3n para fomentar la relajaci\u00f3n y el movimiento de energ\u00eda.<br \/>\nBeneficios del shiatsu<br \/>\nReducci\u00f3n del estr\u00e9s: El Shiatsu puede ayudar a calmar la mente, reducir la tensi\u00f3n y promover la relajaci\u00f3n.<br \/>\nAlivio del dolor: al abordar los bloqueos de energ\u00eda y la tensi\u00f3n muscular, el Shiatsu puede aliviar el dolor causado por diversas afecciones como migra\u00f1as, artritis y ci\u00e1tica.<br \/>\nSalud digestiva: El Shiatsu puede mejorar la digesti\u00f3n estimulando la zona abdominal y favoreciendo el flujo de energ\u00eda a lo largo de los meridianos digestivos.<br \/>\nCirculaci\u00f3n mejorada: la terapia aumenta el flujo sangu\u00edneo, ayudando en el proceso de desintoxicaci\u00f3n y mejorando la vitalidad general.<br \/>\nEquilibrio: El Shiatsu favorece el equilibrio f\u00edsico y emocional, fomentando una sensaci\u00f3n de bienestar.<br \/>\nShiatsu versus otros masajes<br \/>\nAunque el Shiatsu comparte similitudes con otras terapias de masaje, su \u00e9nfasis en el flujo de energ\u00eda lo distingue. A diferencia de los masajes suecos o de tejido profundo, el Shiatsu no utiliza aceites ni cremas y se realiza con el cliente completamente vestido. Adem\u00e1s, mientras que otros masajes pueden centrarse m\u00e1s en la relajaci\u00f3n o el alivio muscular, el Shiatsu concede la misma importancia al bienestar f\u00edsico, emocional y espiritual.<br \/>\nQu\u00e9 es el Shiatsu: conclusi\u00f3n<br \/>\nEl Shiatsu es mucho m\u00e1s que un simple tratamiento: es un viaje hol\u00edstico que estimula las capacidades innatas de autocuraci\u00f3n del cuerpo. Al reconocer y abordar los desequilibrios energ\u00e9ticos, el Shiatsu ofrece un camino \u00fanico hacia el equilibrio energ\u00e9tico y la armon\u00eda. Ya sea que est\u00e9 buscando alivio para una dolencia espec\u00edfica o una forma de mejorar el bienestar general, el Shiatsu podr\u00eda ser una adici\u00f3n beneficiosa a su r\u00e9gimen de cuidado personal.<\/p>\n","protected":false},"excerpt":{"rendered":"<h1>Shiatsu<\/h1>\n","protected":false},"featured_media":826,"template":"","meta":{"_uag_custom_page_level_css":"","site-sidebar-layout":"default","site-content-layout":"","ast-site-content-layout":"default","site-content-style":"default","site-sidebar-style":"default","ast-global-header-display":"","ast-banner-title-visibility":"","ast-main-header-display":"","ast-hfb-above-header-display":"","ast-hfb-below-header-display":"","ast-hfb-mobile-header-display":"","site-post-title":"","ast-breadcrumbs-content":"","ast-featured-img":"","footer-sml-layout":"","ast-disable-related-posts":"","theme-transparent-header-meta":"default","adv-header-id-meta":"","stick-header-meta":"","header-above-stick-meta":"","header-main-stick-meta":"","header-below-stick-meta":"","astra-migrate-meta-layouts":"set","ast-page-background-enabled":"default","ast-page-background-meta":{"desktop":{"background-color":"var(--ast-global-color-4)","background-image":"","background-repeat":"repeat","background-position":"center center","background-size":"auto","background-attachment":"scroll","background-type":"","background-media":"","overlay-type":"","overlay-color":"","overlay-opacity":"","overlay-gradient":""},"tablet":{"background-color":"","background-image":"","background-repeat":"repeat","background-position":"center center","background-size":"auto","background-attachment":"scroll","background-type":"","background-media":"","overlay-type":"","overlay-color":"","overlay-opacity":"","overlay-gradient":""},"mobile":{"background-color":"","background-image":"","background-repeat":"repeat","background-position":"center center","background-size":"auto","background-attachment":"scroll","background-type":"","background-media":"","overlay-type":"","overlay-color":"","overlay-opacity":"","overlay-gradient":""}},"ast-content-background-meta":{"desktop":{"background-color":"var(--ast-global-color-5)","background-image":"","background-repeat":"repeat","background-position":"center center","background-size":"auto","background-attachment":"scroll","background-type":"","background-media":"","overlay-type":"","overlay-color":"","overlay-opacity":"","overlay-gradient":""},"tablet":{"background-color":"var(--ast-global-color-5)","background-image":"","background-repeat":"repeat","background-position":"center center","background-size":"auto","background-attachment":"scroll","background-type":"","background-media":"","overlay-type":"","overlay-color":"","overlay-opacity":"","overlay-gradient":""},"mobile":{"background-color":"var(--ast-global-color-5)","background-image":"","background-repeat":"repeat","background-position":"center center","background-size":"auto","background-attachment":"scroll","background-type":"","background-media":"","overlay-type":"","overlay-color":"","overlay-opacity":"","overlay-gradient":""}},"_joinchat":[]},"product_brand":[],"product_cat":[39],"product_tag":[],"class_list":{"0":"post-391","1":"product","2":"type-product","3":"status-publish","4":"has-post-thumbnail","6":"product_cat-masajes","7":"desktop-align-center","8":"tablet-align-left","9":"mobile-align-left","11":"first","12":"instock","13":"shipping-taxable","14":"purchasable","15":"product-type-simple"},"uagb_featured_image_src":{"full":["https:\/\/namastecenter.es\/wp-content\/uploads\/Gemini_Generated_Image_ab9zkhab9zkhab9z.png",1024,1024,false],"thumbnail":["https:\/\/namastecenter.es\/wp-content\/uploads\/Gemini_Generated_Image_ab9zkhab9zkhab9z-150x150.png",150,150,true],"medium":["https:\/\/namastecenter.es\/wp-content\/uploads\/Gemini_Generated_Image_ab9zkhab9zkhab9z-300x300.png",300,300,true],"medium_large":["https:\/\/namastecenter.es\/wp-content\/uploads\/Gemini_Generated_Image_ab9zkhab9zkhab9z-768x768.png",768,768,true],"large":["https:\/\/namastecenter.es\/wp-content\/uploads\/Gemini_Generated_Image_ab9zkhab9zkhab9z.png",1024,1024,false],"1536x1536":["https:\/\/namastecenter.es\/wp-content\/uploads\/Gemini_Generated_Image_ab9zkhab9zkhab9z.png",1024,1024,false],"2048x2048":["https:\/\/namastecenter.es\/wp-content\/uploads\/Gemini_Generated_Image_ab9zkhab9zkhab9z.png",1024,1024,false],"mailpoet_newsletter_max":["https:\/\/namastecenter.es\/wp-content\/uploads\/Gemini_Generated_Image_ab9zkhab9zkhab9z.png",1024,1024,false],"woocommerce_thumbnail":["https:\/\/namastecenter.es\/wp-content\/uploads\/Gemini_Generated_Image_ab9zkhab9zkhab9z-300x300.png",300,300,true],"woocommerce_single":["https:\/\/namastecenter.es\/wp-content\/uploads\/Gemini_Generated_Image_ab9zkhab9zkhab9z-600x600.png",600,600,true],"woocommerce_gallery_thumbnail":["https:\/\/namastecenter.es\/wp-content\/uploads\/Gemini_Generated_Image_ab9zkhab9zkhab9z-100x100.png",100,100,true]},"uagb_author_info":{"display_name":"admin","author_link":"https:\/\/namastecenter.es\/es\/author\/"},"uagb_comment_info":0,"uagb_excerpt":"Shiatsu","_links":{"self":[{"href":"https:\/\/namastecenter.es\/es\/wp-json\/wp\/v2\/product\/391","targetHints":{"allow":["GET"]}}],"collection":[{"href":"https:\/\/namastecenter.es\/es\/wp-json\/wp\/v2\/product"}],"about":[{"href":"https:\/\/namastecenter.es\/es\/wp-json\/wp\/v2\/types\/product"}],"wp:featuredmedia":[{"embeddable":true,"href":"https:\/\/namastecenter.es\/es\/wp-json\/wp\/v2\/media\/826"}],"wp:attachment":[{"href":"https:\/\/namastecenter.es\/es\/wp-json\/wp\/v2\/media?parent=391"}],"wp:term":[{"taxonomy":"product_brand","embeddable":true,"href":"https:\/\/namastecenter.es\/es\/wp-json\/wp\/v2\/product_brand?post=391"},{"taxonomy":"product_cat","embeddable":true,"href":"https:\/\/namastecenter.es\/es\/wp-json\/wp\/v2\/product_cat?post=391"},{"taxonomy":"product_tag","embeddable":true,"href":"https:\/\/namastecenter.es\/es\/wp-json\/wp\/v2\/product_tag?post=391"}],"curies":[{"name":"wp","href":"https:\/\/api.w.org\/{rel}","templated":true}]}}