{"id":388,"date":"2025-02-28T13:03:09","date_gmt":"2025-02-28T13:03:09","guid":{"rendered":"https:\/\/namastecenter.es\/?post_type=product&#038;p=388"},"modified":"2025-02-28T13:07:26","modified_gmt":"2025-02-28T13:07:26","slug":"jin-shin-do","status":"publish","type":"product","link":"https:\/\/namastecenter.es\/es\/playa-del-ingles\/masajes\/jin-shin-do\/","title":{"rendered":"Jin Shin Do (70min)"},"content":{"rendered":"<p>\u00bfQu\u00e9 es el Jin Shin Do\u00ae?<\/p>\n<p>Or\u00edgenes y evoluci\u00f3n<\/p>\n<p>Jin Shin Do\u00ae significa \u201cEl Camino del Esp\u00edritu Compasivo\u201d. En idioma japon\u00e9s \u201cJin\u201d = comprensi\u00f3n, benevolencia, compasi\u00f3n (entendido con el t\u00e9rmino occidental de empat\u00eda); \u201cShin\u201d=esp\u00edritu, mente, parte interior; \u201cDo\u201d = camino, movimiento, cambio, camino: similar al significado chino de Tao.<\/p>\n<p>Es una t\u00e9cnica que utiliza presiones delicadas, respetuosas pero tambi\u00e9n profundas sobre los puntos que tambi\u00e9n se utilizan en acupuntura.<\/p>\n<p>En cuanto al componente de origen occidental, la acupresi\u00f3n se acompa\u00f1a de t\u00e9cnicas verbales, como el body focusing de E. Gendlin, la bioenerg\u00e9tica de A. Lowen, la teor\u00eda de la liberaci\u00f3n segmentaria de W. Reich y algunos principios de comunicaci\u00f3n de M. Erickson.<\/p>\n<p>El aporte a esta t\u00e9cnica de la antigua sabidur\u00eda oriental consiste en diversas metodolog\u00edas, como la acupresi\u00f3n japonesa, los principios de la medicina tradicional china, la filosof\u00eda tao\u00edsta y los ejercicios de respiraci\u00f3n y movimiento del Qigong.<\/p>\n<p>Jin Shin Do\u00ae fue concebido y desarrollado por la psicoterapeuta Iona Marsaa Teguarden, sintetizando y fusionando estas diferentes t\u00e9cnicas.<\/p>\n<p>\u00bfC\u00f3mo funciona el Jin Shin Do\u00ae?<\/p>\n<p>El tratamiento Jin Shin Do\u00ae es realizado por un operador calificado por la Fundaci\u00f3n Internacional Jin Shin Do\u00ae. En la acupresi\u00f3n se utilizan los dedos, pulgares e incluso las palmas de las manos, favoreciendo un agradable estado de relajaci\u00f3n y trance, dejando ir la racionalidad y accediendo as\u00ed a las sensaciones, emociones y sabidur\u00eda interior.<\/p>\n<p>Jin Shin Do\u00ae permite liberar tensiones f\u00edsicas y emocionales, transform\u00e1ndolas en lugar de suprimirlas.<\/p>\n<p>Esta liberaci\u00f3n permite que la energ\u00eda vital vuelva a circular y distribuirse libremente, facilitando la resoluci\u00f3n de los estados de ansiedad y favoreciendo as\u00ed el bienestar general.<\/p>\n<p>Se establece un beneficio inmediato, que inicia un cambio positivo de mayores proporciones y en el largo plazo.<\/p>\n<p>T\u00e9cnicas y Pr\u00e1cticas :<\/p>\n<p>Estimular un punto ayuda a reducir la tensi\u00f3n y el dolor de tres formas principales:<\/p>\n<p>1) Relajar la tensi\u00f3n muscular;<\/p>\n<p>2)Equilibrar la energ\u00eda vital del cuerpo;<\/p>\n<p>3)Aumentar la producci\u00f3n de endorfinas en los tejidos.<\/p>\n<p>Se utiliza un punto localizado en la zona de malestar, tensi\u00f3n o dolor, llamado \u201cPunto Local\u201d.<\/p>\n<p>Al mismo tiempo, est\u00e1 asociado a un punto distante llamado \u00abPunto Distal\u00bb, que es capaz de ayudarle a relajarse. La presi\u00f3n aplicada es gradual pero no demasiado fuerte, para no correr el riesgo de producir rigidez o dolor.<\/p>\n<p>La duraci\u00f3n de la presi\u00f3n puede variar de 1 a 3 minutos, dependiendo del alcance del desequilibrio energ\u00e9tico en la zona tratada.<\/p>\n<p>Durante la presi\u00f3n se percibe una liberaci\u00f3n de tensi\u00f3n y una sensaci\u00f3n de restauraci\u00f3n energ\u00e9tica y emocional.<\/p>\n<p>Beneficios del Jin Shin Do\u00ae:<\/p>\n<p>Son variados tanto a nivel f\u00edsico como psicol\u00f3gico:<\/p>\n<p>1) Restablecer el equilibrio energ\u00e9tico y psicof\u00edsico;<\/p>\n<p>2) Estimular un profundo estado de relajaci\u00f3n;<\/p>\n<p>3)Liberar y reducir tensiones f\u00edsicas y emocionales;<\/p>\n<p>4) Mitigar los problemas relacionados con el estr\u00e9s;<\/p>\n<p>5) Facilitar y aumentar una profunda conciencia interior de la interacci\u00f3n entre cuerpo y mente.<\/p>\n<p>Jin Shin Do\u00ae comparado con otros tratamientos:<\/p>\n<p>La acupresi\u00f3n ejercida durante el tratamiento Jin Shin Do\u00ae se diferencia, por ejemplo, de la del Shiatsu, en que tiene un ritmo y una secuencia mucho m\u00e1s lentos, pero que produce un efecto m\u00e1s profundo tanto a nivel f\u00edsico como psicol\u00f3gico.<\/p>\n<p>Durante el tratamiento Jin Shin Do\u00ae, el receptor permanece vestido y no se utilizan aceites ni cremas.<\/p>\n<p>Conclusiones:<\/p>\n<p>La acupresi\u00f3n Jin Shin Do\u00ae es una herramienta \u00fatil para el alivio de problemas f\u00edsicos y\/o mentales debido al estr\u00e9s o trauma.<\/p>\n<p>Es una t\u00e9cnica de relajaci\u00f3n y no un diagn\u00f3stico, terapia o tratamiento de patolog\u00edas.<\/p>\n<p>Adem\u00e1s, tambi\u00e9n es una ayuda v\u00e1lida para el personal sanitario, como m\u00e9dicos, psic\u00f3logos, fisioterapeutas, etc.<\/p>\n<p>Ante la presencia de s\u00edntomas persistentes, incluso aparentemente leves, sugerimos contactar a su m\u00e9dico.<\/p>\n<p>Cuando se usa simult\u00e1neamente con un tratamiento m\u00e9dico, el tratamiento Jin Shin Do\u00ae puede ayudar al proceso de curaci\u00f3n, liberando tensi\u00f3n, reduciendo el estr\u00e9s y estimulando una sensaci\u00f3n de bienestar.<\/p>\n<p>Los tratamientos de Jin Shin Do\u00ae est\u00e1n reconocidos en los Estados Unidos de Am\u00e9rica, entre las principales t\u00e9cnicas de derivaci\u00f3n oriental, por la NCCAOM (National Certification Commission for Acupuncture and Oriental Medicine) y por la AOBTA (American Organization for Bodywork Therapies of Asia).<\/p>\n<p>Jin Shin Do\u00ae es una marca registrada en los Estados Unidos de Am\u00e9rica, en la Patents &amp; Trademark Office. Jin Shin Do\u00ae tambi\u00e9n es una marca registrada en Canad\u00e1, Reino Unido, Suecia, Noruega, Suiza y en todos los estados miembros de la Uni\u00f3n Europea.<\/p>\n<p>\u00bfQu\u00e9 es el Jin Shin Do\u00ae?<br \/>\n\u00bfQu\u00e9 es el Jin Shin Do\u00ae?<\/p>\n<p>T\u00e9cnica energ\u00e9tica psicocorp\u00f3rea para la liberaci\u00f3n de tensiones: promueve un estado placentero y beneficioso entre cuerpo y mente.<br \/>\n\u00abJin Shin Do\u00bb\u00ae significa \u00abEl Camino del Esp\u00edritu Compasivo\u00bb.<\/p>\n<p>Jin Shin Do\u00ae Bodymind Acupression\u00ae utiliza una presi\u00f3n suave pero profunda en puntos espec\u00edficos y t\u00e9cnicas verbales de enfoque corporal para ayudar a liberar la \u00abarmadura\u00bb o tensi\u00f3n cr\u00f3nica, equilibrar el \u00abQi\u00bb o energ\u00eda y mejorar la vitalidad.<\/p>\n<p>Este m\u00e9todo, aplicado mientras el receptor permanece vestido, ayuda a aliviar problemas relacionados con el estr\u00e9s y el trauma.<\/p>\n<p>S\u00edntesis \u00fanica de una t\u00e9cnica de acupresi\u00f3n tradicional japonesa, la teor\u00eda cl\u00e1sica de la acupuntura china, la filosof\u00eda tao\u00edsta, el Qigong (t\u00e9cnicas de respiraci\u00f3n y ejercicio), la teor\u00eda segmentaria de Reich y algunos principios de la psicoterapia ericksoniana, la acupresi\u00f3n Do\u00ae Jin Shin fue creada por Iona Marsaa Teeguarden.<\/p>\n","protected":false},"excerpt":{"rendered":"<h1>Jin Shin Do<\/h1>\n","protected":false},"featured_media":828,"template":"","meta":{"_uag_custom_page_level_css":"","site-sidebar-layout":"default","site-content-layout":"","ast-site-content-layout":"default","site-content-style":"default","site-sidebar-style":"default","ast-global-header-display":"","ast-banner-title-visibility":"","ast-main-header-display":"","ast-hfb-above-header-display":"","ast-hfb-below-header-display":"","ast-hfb-mobile-header-display":"","site-post-title":"","ast-breadcrumbs-content":"","ast-featured-img":"","footer-sml-layout":"","ast-disable-related-posts":"","theme-transparent-header-meta":"default","adv-header-id-meta":"","stick-header-meta":"","header-above-stick-meta":"","header-main-stick-meta":"","header-below-stick-meta":"","astra-migrate-meta-layouts":"set","ast-page-background-enabled":"default","ast-page-background-meta":{"desktop":{"background-color":"var(--ast-global-color-4)","background-image":"","background-repeat":"repeat","background-position":"center center","background-size":"auto","background-attachment":"scroll","background-type":"","background-media":"","overlay-type":"","overlay-color":"","overlay-opacity":"","overlay-gradient":""},"tablet":{"background-color":"","background-image":"","background-repeat":"repeat","background-position":"center center","background-size":"auto","background-attachment":"scroll","background-type":"","background-media":"","overlay-type":"","overlay-color":"","overlay-opacity":"","overlay-gradient":""},"mobile":{"background-color":"","background-image":"","background-repeat":"repeat","background-position":"center center","background-size":"auto","background-attachment":"scroll","background-type":"","background-media":"","overlay-type":"","overlay-color":"","overlay-opacity":"","overlay-gradient":""}},"ast-content-background-meta":{"desktop":{"background-color":"var(--ast-global-color-5)","background-image":"","background-repeat":"repeat","background-position":"center center","background-size":"auto","background-attachment":"scroll","background-type":"","background-media":"","overlay-type":"","overlay-color":"","overlay-opacity":"","overlay-gradient":""},"tablet":{"background-color":"var(--ast-global-color-5)","background-image":"","background-repeat":"repeat","background-position":"center center","background-size":"auto","background-attachment":"scroll","background-type":"","background-media":"","overlay-type":"","overlay-color":"","overlay-opacity":"","overlay-gradient":""},"mobile":{"background-color":"var(--ast-global-color-5)","background-image":"","background-repeat":"repeat","background-position":"center center","background-size":"auto","background-attachment":"scroll","background-type":"","background-media":"","overlay-type":"","overlay-color":"","overlay-opacity":"","overlay-gradient":""}},"_joinchat":[]},"product_brand":[],"product_cat":[39],"product_tag":[],"class_list":{"0":"post-388","1":"product","2":"type-product","3":"status-publish","4":"has-post-thumbnail","6":"product_cat-masajes","7":"desktop-align-center","8":"tablet-align-left","9":"mobile-align-left","11":"first","12":"instock","13":"shipping-taxable","14":"purchasable","15":"product-type-simple"},"uagb_featured_image_src":{"full":["https:\/\/namastecenter.es\/wp-content\/uploads\/Gemini_Generated_Image_nfsl8gnfsl8gnfsl.png",1024,1024,false],"thumbnail":["https:\/\/namastecenter.es\/wp-content\/uploads\/Gemini_Generated_Image_nfsl8gnfsl8gnfsl-150x150.png",150,150,true],"medium":["https:\/\/namastecenter.es\/wp-content\/uploads\/Gemini_Generated_Image_nfsl8gnfsl8gnfsl-300x300.png",300,300,true],"medium_large":["https:\/\/namastecenter.es\/wp-content\/uploads\/Gemini_Generated_Image_nfsl8gnfsl8gnfsl-768x768.png",768,768,true],"large":["https:\/\/namastecenter.es\/wp-content\/uploads\/Gemini_Generated_Image_nfsl8gnfsl8gnfsl.png",1024,1024,false],"1536x1536":["https:\/\/namastecenter.es\/wp-content\/uploads\/Gemini_Generated_Image_nfsl8gnfsl8gnfsl.png",1024,1024,false],"2048x2048":["https:\/\/namastecenter.es\/wp-content\/uploads\/Gemini_Generated_Image_nfsl8gnfsl8gnfsl.png",1024,1024,false],"mailpoet_newsletter_max":["https:\/\/namastecenter.es\/wp-content\/uploads\/Gemini_Generated_Image_nfsl8gnfsl8gnfsl.png",1024,1024,false],"woocommerce_thumbnail":["https:\/\/namastecenter.es\/wp-content\/uploads\/Gemini_Generated_Image_nfsl8gnfsl8gnfsl-300x300.png",300,300,true],"woocommerce_single":["https:\/\/namastecenter.es\/wp-content\/uploads\/Gemini_Generated_Image_nfsl8gnfsl8gnfsl-600x600.png",600,600,true],"woocommerce_gallery_thumbnail":["https:\/\/namastecenter.es\/wp-content\/uploads\/Gemini_Generated_Image_nfsl8gnfsl8gnfsl-100x100.png",100,100,true]},"uagb_author_info":{"display_name":"admin","author_link":"https:\/\/namastecenter.es\/es\/author\/"},"uagb_comment_info":0,"uagb_excerpt":"Jin Shin Do","_links":{"self":[{"href":"https:\/\/namastecenter.es\/es\/wp-json\/wp\/v2\/product\/388","targetHints":{"allow":["GET"]}}],"collection":[{"href":"https:\/\/namastecenter.es\/es\/wp-json\/wp\/v2\/product"}],"about":[{"href":"https:\/\/namastecenter.es\/es\/wp-json\/wp\/v2\/types\/product"}],"wp:featuredmedia":[{"embeddable":true,"href":"https:\/\/namastecenter.es\/es\/wp-json\/wp\/v2\/media\/828"}],"wp:attachment":[{"href":"https:\/\/namastecenter.es\/es\/wp-json\/wp\/v2\/media?parent=388"}],"wp:term":[{"taxonomy":"product_brand","embeddable":true,"href":"https:\/\/namastecenter.es\/es\/wp-json\/wp\/v2\/product_brand?post=388"},{"taxonomy":"product_cat","embeddable":true,"href":"https:\/\/namastecenter.es\/es\/wp-json\/wp\/v2\/product_cat?post=388"},{"taxonomy":"product_tag","embeddable":true,"href":"https:\/\/namastecenter.es\/es\/wp-json\/wp\/v2\/product_tag?post=388"}],"curies":[{"name":"wp","href":"https:\/\/api.w.org\/{rel}","templated":true}]}}