{"id":292,"date":"2024-09-30T05:34:47","date_gmt":"2024-09-30T05:34:47","guid":{"rendered":"https:\/\/namastecenter.es\/playa-del-ingles\/sin%20categor\u00eda\/masaje-a-4-manos\/"},"modified":"2026-04-29T02:15:07","modified_gmt":"2026-04-29T02:15:07","slug":"masaje-a-4-manos-60-min","status":"publish","type":"product","link":"https:\/\/namastecenter.es\/es\/playa-del-ingles\/masajes\/masaje-a-4-manos-60-min\/","title":{"rendered":"Masaje a 4 manos (60 min)"},"content":{"rendered":"<h1>Masaje a 4 Manos en Playa del Ingl\u00e9s: Una Experiencia \u00danica y Profundamente Relajante<\/h1>\n<p>  Si buscas una experiencia de masaje realmente \u00fanica y profundamente rejuvenecedora, el <strong>Masaje a 4 Manos<\/strong> es la elecci\u00f3n perfecta.<br \/>\nEn nuestro centro de <strong>Playa del<\/strong> Ingl\u00e9s, ofrecemos este lujoso tratamiento en el que dos terapeutas trabajan en armon\u00eda para crear un masaje relajante y profundamente eficaz.<br \/>\nTanto si buscas desconectar, aliviar el estr\u00e9s o simplemente darte un capricho, el Masaje a 4 Manos est\u00e1 dise\u00f1ado para proporcionar <strong>una relajaci\u00f3n total<\/strong>.    <\/p>\n<h2>\u00bfQu\u00e9 es un masaje a 4 manos?<\/h2>\n<p>  Un <strong>Masaje a 4 Manos<\/strong> implica que dos terapeutas masajeen tu cuerpo simult\u00e1neamente, utilizando movimientos sincronizados para crear una <strong>experiencia<\/strong> m\u00e1s <strong>intensa y envolvente<\/strong>.<br \/>\nEsta t\u00e9cnica te ayuda a relajarte m\u00e1s r\u00e1pida y profundamente, ya que tu mente no puede predecir ni seguir f\u00e1cilmente el flujo de cuatro manos trabajando juntas.<br \/>\nEl resultado es una sensaci\u00f3n de profunda relajaci\u00f3n y liberaci\u00f3n de tensiones, como ning\u00fan otro masaje.<br \/>\nEn nuestro centro de <strong>Playa del<\/strong> Ingl\u00e9s, nuestros terapeutas est\u00e1n formados para proporcionar un <strong>Masaje a 4 Manos<\/strong> perfectamente coordinado que equilibra la presi\u00f3n y el ritmo, garantizando que cada m\u00fasculo de tu cuerpo sea tratado con cuidado y atenci\u00f3n.     <\/p>\n<h2>Beneficios de un masaje a 4 manos<\/h2>\n<p>  El <strong>Masaje a 4 Manos<\/strong> no es s\u00f3lo una experiencia \u00fanica; ofrece una amplia gama de <strong>beneficios f\u00edsicos y mentales<\/strong>.<br \/>\nAlgunas de las principales ventajas son   <\/p>\n<ul>\n<li><strong>Relajaci\u00f3n profunda<\/strong>: Con cuatro manos trabajando sobre tu cuerpo, es m\u00e1s f\u00e1cil alcanzar un estado de relajaci\u00f3n m\u00e1s profundo, aliviando el estr\u00e9s y la tensi\u00f3n con mayor eficacia.<\/li>\n<li><strong>Mejora la circulaci\u00f3n<\/strong>: Los movimientos sincronizados ayudan a estimular el flujo sangu\u00edneo y mejoran el aporte de ox\u00edgeno a tus m\u00fasculos.<\/li>\n<li><strong>Presi\u00f3n equilibrada<\/strong>: Como trabajan dos terapeutas a la vez, pueden aplicar una presi\u00f3n equilibrada y uniforme en todo tu cuerpo, asegur\u00e1ndose de que no se descuida ninguna zona.<\/li>\n<li><strong>Liberaci\u00f3n de la tensi\u00f3n muscular<\/strong>: La combinaci\u00f3n de distintas t\u00e9cnicas de masaje de dos terapeutas ayuda a deshacer los nudos musculares y a aliviar la tensi\u00f3n m\u00e1s r\u00e1pidamente.<\/li>\n<li><strong>Claridad mental<\/strong>: A medida que tu mente se esfuerza por seguir el ritmo de los movimientos de las cuatro manos, te resulta m\u00e1s f\u00e1cil liberarte del estr\u00e9s y entrar en un estado de calma mental.<\/li>\n<\/ul>\n<p>  Muchos de nuestros clientes consideran que un <strong>Masaje a 4 Manos<\/strong> es una de las mejores formas de conseguir <strong>una relajaci\u00f3n total<\/strong>, que les ayuda a sentirse f\u00edsica y mentalmente recargados despu\u00e9s de la sesi\u00f3n.  <\/p>\n<h2>\u00bfPor qu\u00e9 elegir un masaje a 4 manos en nuestro centro de Playa del Ingl\u00e9s?<\/h2>\n<p>  En nuestro centro de <strong>Playa del<\/strong> Ingl\u00e9s, nos enorgullecemos de ofrecer una <strong>experiencia de Masaje a 4 Manos<\/strong> sin igual.<br \/>\nNuestros terapeutas est\u00e1n altamente cualificados en la coordinaci\u00f3n de sus movimientos para proporcionar un masaje que se siente sin fisuras y profundamente relajante.<br \/>\nNos centramos en crear un entorno relajante en el que puedas desconectar totalmente del estr\u00e9s y sumergirte en el <strong>lujo de este tratamiento \u00fanico<\/strong>.<br \/>\nCon a\u00f1os de experiencia en la prestaci\u00f3n <strong>de servicios profesionales de masaje<\/strong>, comprendemos que cada cliente es \u00fanico.<br \/>\nPor eso nuestro <strong>Masaje a 4 Manos<\/strong> puede personalizarse para adaptarse a tus preferencias, tanto si prefieres una presi\u00f3n ligera, media o profunda.<br \/>\nEl resultado es un tratamiento personalizado que te deja completamente relajado y rejuvenecido.       <\/p>\n<h2>\u00bfQui\u00e9n puede beneficiarse de un masaje a 4 manos?<\/h2>\n<p>  Un <strong>Masaje a 4 Manos<\/strong> es ideal para cualquiera que busque una experiencia <strong>profundamente relajante y terap\u00e9utica<\/strong>.<br \/>\nEs especialmente beneficioso para   <\/p>\n<ul>\n<li>Personas con <strong>altos niveles de estr\u00e9s<\/strong> o ansiedad que necesitan relajarse por completo.<\/li>\n<li>Las personas con <strong>tensi\u00f3n<\/strong> o rigidez muscular que desean un alivio m\u00e1s r\u00e1pido.<\/li>\n<li>Personas que buscan una experiencia de masaje \u00fanica que combine <strong>m\u00faltiples t\u00e9cnicas<\/strong> en una sesi\u00f3n.<\/li>\n<li>Cualquiera que quiera regalarse una experiencia de spa <strong>lujosa y envolvente<\/strong>.<\/li>\n<\/ul>\n<p>  Nuestro centro est\u00e1 dise\u00f1ado para ofrecer un entorno tranquilo y calmante, lo que lo convierte en el lugar perfecto para disfrutar de todos los beneficios de un <strong>Masaje a 4 Manos<\/strong>.  <\/p>\n<h2>Reserva tu Masaje a 4 Manos<\/h2>\n<p>  Te ofrecemos formas f\u00e1ciles y c\u00f3modas de <strong>reservar tu Masaje a 4 Manos<\/strong> en <strong>Playa del Ingl\u00e9s<\/strong>.<br \/>\nS\u00f3lo tienes que visitar nuestra p\u00e1gina web o llamarnos para concertar tu cita.<br \/>\nNuestros horarios de reserva flexibles garantizan que puedas encontrar una sesi\u00f3n que se adapte a tu agenda, permiti\u00e9ndote experimentar este lujoso tratamiento cuando m\u00e1s te convenga.<br \/>\nNuestro equipo se dedica a proporcionar una experiencia de masaje excepcional desde el momento en que llegas, asegur\u00e1ndose de que se cuidan todos los detalles para que puedas disfrutar plenamente del tratamiento.     <\/p>\n<h2>Conclusi\u00f3n<\/h2>\n<p>  El <strong>Masaje a 4 Manos<\/strong> es un tratamiento \u00fanico que proporciona una profunda relajaci\u00f3n y alivio de la tensi\u00f3n muscular.<br \/>\nSi buscas una forma de desconectar y consentirte con algo verdaderamente especial, este masaje es la elecci\u00f3n perfecta.<br \/>\nEn nuestro centro de <strong>Playa del<\/strong> Ingl\u00e9s, ofrecemos una <strong>experiencia de Masaje a 4 Manos lujosa y personalizada<\/strong> que te dejar\u00e1 completamente relajado y rejuvenecido.<br \/>\nNo pierdas la oportunidad de experimentar este masaje \u00fanico y poderoso. <strong>Reserva<\/strong> hoy mismo <strong>tu Masaje a 4 Manos<\/strong> y descubre por qu\u00e9 tanta gente nos elige como su spa preferido para relajarse en <strong>Playa del Ingl\u00e9s<\/strong>.   <\/p>\n","protected":false},"excerpt":{"rendered":"<h1>Masaje a 4 manos en Playa del Ingl\u00e9s<\/h1>\n","protected":false},"featured_media":270,"template":"","meta":{"_uag_custom_page_level_css":"","site-sidebar-layout":"default","site-content-layout":"","ast-site-content-layout":"default","site-content-style":"default","site-sidebar-style":"default","ast-global-header-display":"","ast-banner-title-visibility":"","ast-main-header-display":"","ast-hfb-above-header-display":"","ast-hfb-below-header-display":"","ast-hfb-mobile-header-display":"","site-post-title":"","ast-breadcrumbs-content":"","ast-featured-img":"","footer-sml-layout":"","ast-disable-related-posts":"","theme-transparent-header-meta":"default","adv-header-id-meta":"","stick-header-meta":"","header-above-stick-meta":"","header-main-stick-meta":"","header-below-stick-meta":"","astra-migrate-meta-layouts":"default","ast-page-background-enabled":"default","ast-page-background-meta":{"desktop":{"background-color":"var(--ast-global-color-4)","background-image":"","background-repeat":"repeat","background-position":"center center","background-size":"auto","background-attachment":"scroll","background-type":"","background-media":"","overlay-type":"","overlay-color":"","overlay-opacity":"","overlay-gradient":""},"tablet":{"background-color":"","background-image":"","background-repeat":"repeat","background-position":"center center","background-size":"auto","background-attachment":"scroll","background-type":"","background-media":"","overlay-type":"","overlay-color":"","overlay-opacity":"","overlay-gradient":""},"mobile":{"background-color":"","background-image":"","background-repeat":"repeat","background-position":"center center","background-size":"auto","background-attachment":"scroll","background-type":"","background-media":"","overlay-type":"","overlay-color":"","overlay-opacity":"","overlay-gradient":""}},"ast-content-background-meta":{"desktop":{"background-color":"var(--ast-global-color-5)","background-image":"","background-repeat":"repeat","background-position":"center center","background-size":"auto","background-attachment":"scroll","background-type":"","background-media":"","overlay-type":"","overlay-color":"","overlay-opacity":"","overlay-gradient":""},"tablet":{"background-color":"var(--ast-global-color-5)","background-image":"","background-repeat":"repeat","background-position":"center center","background-size":"auto","background-attachment":"scroll","background-type":"","background-media":"","overlay-type":"","overlay-color":"","overlay-opacity":"","overlay-gradient":""},"mobile":{"background-color":"var(--ast-global-color-5)","background-image":"","background-repeat":"repeat","background-position":"center center","background-size":"auto","background-attachment":"scroll","background-type":"","background-media":"","overlay-type":"","overlay-color":"","overlay-opacity":"","overlay-gradient":""}},"_joinchat":[]},"product_brand":[],"product_cat":[39],"product_tag":[],"class_list":{"0":"post-292","1":"product","2":"type-product","3":"status-publish","4":"has-post-thumbnail","6":"product_cat-masajes","7":"desktop-align-center","8":"tablet-align-left","9":"mobile-align-left","11":"first","12":"instock","13":"sale","14":"shipping-taxable","15":"purchasable","16":"product-type-simple"},"uagb_featured_image_src":{"full":["https:\/\/namastecenter.es\/wp-content\/uploads\/2024\/09\/4-hands-massage-playa-del-ingles-01-e1727678049296.webp",493,313,false],"thumbnail":["https:\/\/namastecenter.es\/wp-content\/uploads\/2024\/09\/4-hands-massage-playa-del-ingles-01-e1727678049296-150x150.webp",150,150,true],"medium":["https:\/\/namastecenter.es\/wp-content\/uploads\/2024\/09\/4-hands-massage-playa-del-ingles-01-e1727678049296-300x190.webp",300,190,true],"medium_large":["https:\/\/namastecenter.es\/wp-content\/uploads\/2024\/09\/4-hands-massage-playa-del-ingles-01-e1727678049296.webp",493,313,false],"large":["https:\/\/namastecenter.es\/wp-content\/uploads\/2024\/09\/4-hands-massage-playa-del-ingles-01-e1727678049296.webp",493,313,false],"1536x1536":["https:\/\/namastecenter.es\/wp-content\/uploads\/2024\/09\/4-hands-massage-playa-del-ingles-01-e1727678049296.webp",493,313,false],"2048x2048":["https:\/\/namastecenter.es\/wp-content\/uploads\/2024\/09\/4-hands-massage-playa-del-ingles-01-e1727678049296.webp",493,313,false],"mailpoet_newsletter_max":["https:\/\/namastecenter.es\/wp-content\/uploads\/2024\/09\/4-hands-massage-playa-del-ingles-01-e1727678049296.webp",493,313,false],"woocommerce_thumbnail":["https:\/\/namastecenter.es\/wp-content\/uploads\/2024\/09\/4-hands-massage-playa-del-ingles-01-e1727678049296-300x300.webp",300,300,true],"woocommerce_single":["https:\/\/namastecenter.es\/wp-content\/uploads\/2024\/09\/4-hands-massage-playa-del-ingles-01-e1727678049296.webp",493,313,false],"woocommerce_gallery_thumbnail":["https:\/\/namastecenter.es\/wp-content\/uploads\/2024\/09\/4-hands-massage-playa-del-ingles-01-e1727678049296-100x100.webp",100,100,true]},"uagb_author_info":{"display_name":"admin","author_link":"https:\/\/namastecenter.es\/es\/author\/"},"uagb_comment_info":0,"uagb_excerpt":"Masaje a 4 manos en Playa del Ingl\u00e9s","_links":{"self":[{"href":"https:\/\/namastecenter.es\/es\/wp-json\/wp\/v2\/product\/292","targetHints":{"allow":["GET"]}}],"collection":[{"href":"https:\/\/namastecenter.es\/es\/wp-json\/wp\/v2\/product"}],"about":[{"href":"https:\/\/namastecenter.es\/es\/wp-json\/wp\/v2\/types\/product"}],"wp:featuredmedia":[{"embeddable":true,"href":"https:\/\/namastecenter.es\/es\/wp-json\/wp\/v2\/media\/270"}],"wp:attachment":[{"href":"https:\/\/namastecenter.es\/es\/wp-json\/wp\/v2\/media?parent=292"}],"wp:term":[{"taxonomy":"product_brand","embeddable":true,"href":"https:\/\/namastecenter.es\/es\/wp-json\/wp\/v2\/product_brand?post=292"},{"taxonomy":"product_cat","embeddable":true,"href":"https:\/\/namastecenter.es\/es\/wp-json\/wp\/v2\/product_cat?post=292"},{"taxonomy":"product_tag","embeddable":true,"href":"https:\/\/namastecenter.es\/es\/wp-json\/wp\/v2\/product_tag?post=292"}],"curies":[{"name":"wp","href":"https:\/\/api.w.org\/{rel}","templated":true}]}}