{"id":291,"date":"2024-09-30T05:54:18","date_gmt":"2024-09-30T05:54:18","guid":{"rendered":"https:\/\/namastecenter.es\/playa-del-ingles\/sin categor\u00eda\/chocolaterapia\/"},"modified":"2024-09-30T05:54:18","modified_gmt":"2024-09-30T05:54:18","slug":"chocolaterapia","status":"publish","type":"product","link":"https:\/\/namastecenter.es\/es\/playa-del-ingles\/masajes\/chocolaterapia\/","title":{"rendered":"Chocolaterapia"},"content":{"rendered":"<h1>Chocolaterapia en Playa del Ingl\u00e9s: Disfruta de una dulce y relajante experiencia<\/h1>\n<p>  \u00bfBuscas un tratamiento de spa \u00fanico e indulgente que combine la relajaci\u00f3n con un toque de lujo?<br \/>\n<strong>La chocolaterapia<\/strong> puede ser exactamente lo que necesitas.<br \/>\nEn nuestro spa de <strong>Playa del<\/strong> Ingl\u00e9s, ofrecemos este rico y rejuvenecedor tratamiento que utiliza las propiedades naturales del chocolate para nutrir la piel, relajar el cuerpo y elevar el esp\u00edritu.    <\/p>\n<h2>\u00bfQu\u00e9 es la Chocolaterapia?<\/h2>\n<p><strong>La chocolaterapia<\/strong> es un lujoso tratamiento que utiliza chocolate puro como ingrediente principal para revitalizar tu piel y relajar tus m\u00fasculos.<br \/>\nEl chocolate es rico en antioxidantes, vitaminas y minerales, lo que lo hace no s\u00f3lo delicioso sino tambi\u00e9n incre\u00edblemente beneficioso para tu piel.<br \/>\nEste tratamiento suele consistir en una combinaci\u00f3n de cremas, aceites y envolturas corporales a base de chocolate, dise\u00f1adas para <strong>hidratar, nutrir y rejuvenecer<\/strong> tu piel.<br \/>\nEn nuestro centro de <strong>Playa del<\/strong> Ingl\u00e9s, nuestros <strong>tratamientos de chocolaterapia<\/strong> est\u00e1n dise\u00f1ados para ofrecer una experiencia sensorial completa, combinando el relajante aroma del chocolate con las propiedades curativas de los ingredientes para un tratamiento que te deja completamente renovado.     <\/p>\n<h2>Beneficios de la chocolaterapia<\/h2>\n<p>  Una <strong>sesi\u00f3n de chocolaterapia<\/strong> ofrece numerosos beneficios para la salud y la belleza, por lo que es algo m\u00e1s que un capricho para tus sentidos.<br \/>\nAlgunas de las principales ventajas son:   <\/p>\n<ul>\n<li><strong>Hidrata y nutre<\/strong> la piel <strong>en profundidad<\/strong>, dej\u00e1ndola suave y flexible.<\/li>\n<li>Potentes <strong>antioxidantes<\/strong> que ayudan a combatir los radicales libres, ralentizando el proceso de envejecimiento.<\/li>\n<li><strong>Alivia el estr\u00e9s<\/strong> gracias a las propiedades calmantes del aroma del chocolate, que favorece una profunda sensaci\u00f3n de relajaci\u00f3n.<\/li>\n<li>Aumento de la producci\u00f3n de <strong>endorfinas<\/strong>, las hormonas del \u00abbienestar\u00bb, que mejoran el estado de \u00e1nimo y el bienestar.<\/li>\n<li><strong>Mejora la circulaci\u00f3n<\/strong> y la desintoxicaci\u00f3n, ayudando a tu cuerpo a eliminar toxinas y favoreciendo la regeneraci\u00f3n de la piel.<\/li>\n<\/ul>\n<p>  Muchos de nuestros clientes acuden a nosotros buscando un tratamiento que no s\u00f3lo <strong>relaje su mente<\/strong>, sino que tambi\u00e9n mejore el aspecto y la salud de su piel.<br \/>\nDespu\u00e9s de una <strong>sesi\u00f3n de chocolaterapia<\/strong>, te sentir\u00e1s renovada de pies a cabeza, con una piel brillante y suave y un estado de \u00e1nimo relajado.   <\/p>\n<h2>\u00bfPor qu\u00e9 elegir la Chocolaterapia en nuestro Spa de Playa del Ingl\u00e9s?<\/h2>\n<p>  Nuestro spa de <strong>Playa del<\/strong> Ingl\u00e9s est\u00e1 especializado en ofrecer tratamientos <strong>de chocolaterapia<\/strong> de alta calidad que se adaptan a las necesidades espec\u00edficas de nuestros clientes.<br \/>\nCreemos en ofrecer una experiencia que combine relajaci\u00f3n, lujo y cuidado de la piel.<br \/>\nNuestros terapeutas altamente cualificados utilizan s\u00f3lo los mejores productos a base de chocolate para garantizar que tu piel reciba todos los beneficios de este tratamiento indulgente.<br \/>\nCada sesi\u00f3n est\u00e1 dise\u00f1ada para proporcionar una atm\u00f3sfera relajante en la que puedas desconectar completamente, disfrutando del <strong>deleite sensorial<\/strong> del chocolate mientras sabes que tu piel est\u00e1 siendo mimada y tratada con ingredientes naturales y beneficiosos.     <\/p>\n<h2>\u00bfQui\u00e9n puede beneficiarse de la Chocolaterapia?<\/h2>\n<p><strong>La Chocolaterapia<\/strong> es adecuada para cualquiera que desee disfrutar de una lujosa experiencia de spa con <strong>beneficios rejuvenecedores para la piel<\/strong>.<br \/>\nEs especialmente ideal para:   <\/p>\n<ul>\n<li>Quienes desean <strong>hidratar<\/strong> y nutrir su piel <strong>en profundidad<\/strong>.<\/li>\n<li>Personas con <strong>piel seca o da\u00f1ada<\/strong> que necesita revitalizarse.<\/li>\n<li>Personas que buscan aliviar el estr\u00e9s y disfrutar <strong>de<\/strong> una <strong>experiencia tranquilizadora que mejore su estado de \u00e1nimo<\/strong>.<\/li>\n<li>Cualquiera que busque un tratamiento de spa \u00fanico que combine <strong>lujo y bienestar<\/strong>.<\/li>\n<\/ul>\n<p>  Muchos de nuestros clientes han descubierto que <strong>la chocolaterapia<\/strong> les proporciona no s\u00f3lo mejoras visibles en la piel, sino tambi\u00e9n una renovada sensaci\u00f3n de relajaci\u00f3n y equilibrio.  <\/p>\n<h2>Reserva tu sesi\u00f3n de Chocolaterapia<\/h2>\n<p>  Te lo ponemos f\u00e1cil para que <strong>reserves tu sesi\u00f3n de chocolaterapia<\/strong> en nuestro spa de <strong>Playa del Ingl\u00e9s<\/strong>.<br \/>\nPuedes programar tu cita en l\u00ednea o llam\u00e1ndonos, y ofrecemos <strong>horarios de reserva flexibles<\/strong> para adaptarnos a tu agenda.<br \/>\nTanto si buscas una escapada r\u00e1pida como un d\u00eda completo de spa, estamos aqu\u00ed para proporcionarte una experiencia de lujo que te deje sinti\u00e9ndote mimado y rejuvenecido.<br \/>\nNuestro spa est\u00e1 dise\u00f1ado para crear el entorno perfecto para la relajaci\u00f3n, y nos dedicamos a ofrecer tratamientos que se adapten a tus necesidades.<br \/>\nCon nuestra <strong>chocolaterapia<\/strong>, mimar\u00e1s tus sentidos mientras le das a tu piel el cuidado y la atenci\u00f3n que se merece.      <\/p>\n<h2>Conclusi\u00f3n<\/h2>\n<p>  Si buscas un tratamiento <strong>relajante e indulgente<\/strong> que nutra tanto el cuerpo como la mente, <strong>la chocolaterapia<\/strong> es la elecci\u00f3n perfecta.<br \/>\nCon su mezcla de <strong>lujo, relajaci\u00f3n<\/strong> y <strong>beneficios para la salud de la piel<\/strong>, este tratamiento ofrece una experiencia verdaderamente \u00fanica que no encontrar\u00e1s en ninguna sesi\u00f3n de spa corriente.<br \/>\nNo pierdas la oportunidad de experimentar lo \u00faltimo en cuidado de la piel y relajaci\u00f3n. <strong>Reserva<\/strong> hoy mismo <strong>tu sesi\u00f3n de chocolaterapia<\/strong> y descubre por qu\u00e9 tanta gente de <strong>Playa del<\/strong> Ingl\u00e9s elige este dulce y lujoso tratamiento para mejorar su bienestar.  <\/p>\n","protected":false},"excerpt":{"rendered":"<h1>Chocolaterapia en Playa del Ingl\u00e9s<\/h1>\n","protected":false},"featured_media":260,"template":"","meta":{"_uag_custom_page_level_css":"","site-sidebar-layout":"default","site-content-layout":"","ast-site-content-layout":"default","site-content-style":"default","site-sidebar-style":"default","ast-global-header-display":"","ast-banner-title-visibility":"","ast-main-header-display":"","ast-hfb-above-header-display":"","ast-hfb-below-header-display":"","ast-hfb-mobile-header-display":"","site-post-title":"","ast-breadcrumbs-content":"","ast-featured-img":"","footer-sml-layout":"","ast-disable-related-posts":"","theme-transparent-header-meta":"default","adv-header-id-meta":"","stick-header-meta":"","header-above-stick-meta":"","header-main-stick-meta":"","header-below-stick-meta":"","astra-migrate-meta-layouts":"default","ast-page-background-enabled":"default","ast-page-background-meta":{"desktop":{"background-color":"var(--ast-global-color-4)","background-image":"","background-repeat":"repeat","background-position":"center center","background-size":"auto","background-attachment":"scroll","background-type":"","background-media":"","overlay-type":"","overlay-color":"","overlay-opacity":"","overlay-gradient":""},"tablet":{"background-color":"","background-image":"","background-repeat":"repeat","background-position":"center center","background-size":"auto","background-attachment":"scroll","background-type":"","background-media":"","overlay-type":"","overlay-color":"","overlay-opacity":"","overlay-gradient":""},"mobile":{"background-color":"","background-image":"","background-repeat":"repeat","background-position":"center center","background-size":"auto","background-attachment":"scroll","background-type":"","background-media":"","overlay-type":"","overlay-color":"","overlay-opacity":"","overlay-gradient":""}},"ast-content-background-meta":{"desktop":{"background-color":"var(--ast-global-color-5)","background-image":"","background-repeat":"repeat","background-position":"center center","background-size":"auto","background-attachment":"scroll","background-type":"","background-media":"","overlay-type":"","overlay-color":"","overlay-opacity":"","overlay-gradient":""},"tablet":{"background-color":"var(--ast-global-color-5)","background-image":"","background-repeat":"repeat","background-position":"center center","background-size":"auto","background-attachment":"scroll","background-type":"","background-media":"","overlay-type":"","overlay-color":"","overlay-opacity":"","overlay-gradient":""},"mobile":{"background-color":"var(--ast-global-color-5)","background-image":"","background-repeat":"repeat","background-position":"center center","background-size":"auto","background-attachment":"scroll","background-type":"","background-media":"","overlay-type":"","overlay-color":"","overlay-opacity":"","overlay-gradient":""}},"_joinchat":[]},"product_brand":[],"product_cat":[39],"product_tag":[],"class_list":{"0":"post-291","1":"product","2":"type-product","3":"status-publish","4":"has-post-thumbnail","6":"product_cat-masajes","7":"desktop-align-center","8":"tablet-align-left","9":"mobile-align-left","11":"first","12":"instock","13":"shipping-taxable","14":"purchasable","15":"product-type-simple"},"uagb_featured_image_src":{"full":["https:\/\/namastecenter.es\/wp-content\/uploads\/2024\/09\/chocolatetherapy-playa-del-ingles-01.webp",493,329,false],"thumbnail":["https:\/\/namastecenter.es\/wp-content\/uploads\/2024\/09\/chocolatetherapy-playa-del-ingles-01-150x150.webp",150,150,true],"medium":["https:\/\/namastecenter.es\/wp-content\/uploads\/2024\/09\/chocolatetherapy-playa-del-ingles-01-300x200.webp",300,200,true],"medium_large":["https:\/\/namastecenter.es\/wp-content\/uploads\/2024\/09\/chocolatetherapy-playa-del-ingles-01.webp",493,329,false],"large":["https:\/\/namastecenter.es\/wp-content\/uploads\/2024\/09\/chocolatetherapy-playa-del-ingles-01.webp",493,329,false],"1536x1536":["https:\/\/namastecenter.es\/wp-content\/uploads\/2024\/09\/chocolatetherapy-playa-del-ingles-01.webp",493,329,false],"2048x2048":["https:\/\/namastecenter.es\/wp-content\/uploads\/2024\/09\/chocolatetherapy-playa-del-ingles-01.webp",493,329,false],"mailpoet_newsletter_max":["https:\/\/namastecenter.es\/wp-content\/uploads\/2024\/09\/chocolatetherapy-playa-del-ingles-01.webp",493,329,false],"woocommerce_thumbnail":["https:\/\/namastecenter.es\/wp-content\/uploads\/2024\/09\/chocolatetherapy-playa-del-ingles-01-300x300.webp",300,300,true],"woocommerce_single":["https:\/\/namastecenter.es\/wp-content\/uploads\/2024\/09\/chocolatetherapy-playa-del-ingles-01.webp",493,329,false],"woocommerce_gallery_thumbnail":["https:\/\/namastecenter.es\/wp-content\/uploads\/2024\/09\/chocolatetherapy-playa-del-ingles-01-100x100.webp",100,100,true]},"uagb_author_info":{"display_name":"admin","author_link":"https:\/\/namastecenter.es\/es\/author\/"},"uagb_comment_info":0,"uagb_excerpt":"Chocolaterapia en Playa del Ingl\u00e9s","_links":{"self":[{"href":"https:\/\/namastecenter.es\/es\/wp-json\/wp\/v2\/product\/291","targetHints":{"allow":["GET"]}}],"collection":[{"href":"https:\/\/namastecenter.es\/es\/wp-json\/wp\/v2\/product"}],"about":[{"href":"https:\/\/namastecenter.es\/es\/wp-json\/wp\/v2\/types\/product"}],"wp:featuredmedia":[{"embeddable":true,"href":"https:\/\/namastecenter.es\/es\/wp-json\/wp\/v2\/media\/260"}],"wp:attachment":[{"href":"https:\/\/namastecenter.es\/es\/wp-json\/wp\/v2\/media?parent=291"}],"wp:term":[{"taxonomy":"product_brand","embeddable":true,"href":"https:\/\/namastecenter.es\/es\/wp-json\/wp\/v2\/product_brand?post=291"},{"taxonomy":"product_cat","embeddable":true,"href":"https:\/\/namastecenter.es\/es\/wp-json\/wp\/v2\/product_cat?post=291"},{"taxonomy":"product_tag","embeddable":true,"href":"https:\/\/namastecenter.es\/es\/wp-json\/wp\/v2\/product_tag?post=291"}],"curies":[{"name":"wp","href":"https:\/\/api.w.org\/{rel}","templated":true}]}}