{"id":290,"date":"2024-09-30T06:17:49","date_gmt":"2024-09-30T06:17:49","guid":{"rendered":"https:\/\/namastecenter.es\/playa-del-ingles\/sin%20categor\u00eda\/presoterapia\/"},"modified":"2026-04-29T19:33:11","modified_gmt":"2026-04-29T19:33:11","slug":"presoterapia","status":"publish","type":"product","link":"https:\/\/namastecenter.es\/es\/playa-del-ingles\/tratamientos-corporales\/presoterapia\/","title":{"rendered":"Presoterapia"},"content":{"rendered":"<h1>Descubre los Beneficios de la Presoterapia en Playa del Ingl\u00e9s<\/h1>\n<p>La presoterapia se ha convertido r\u00e1pidamente en uno de los tratamientos m\u00e1s eficaces para mejorar <strong>la circulaci\u00f3n, reducir la hinchaz\u00f3n<\/strong> y mejorar el bienestar general. Si buscas un centro que ofrezca <strong>presoterapia en Playa del Ingl\u00e9s<\/strong>, has encontrado el lugar adecuado. Este tratamiento no invasivo y relajante es perfecto para quienes quieren <strong>desintoxicar su cuerpo<\/strong> y sentirse rejuvenecidos.  <\/p>\n<h2>\u00bfQu\u00e9 es la presoterapia?<\/h2>\n<p><strong>La presoterapia<\/strong> es un tratamiento terap\u00e9utico que utiliza una presi\u00f3n controlada del aire para estimular el drenaje linf\u00e1tico. Act\u00faa aplicando compresi\u00f3n en \u00e1reas espec\u00edficas del cuerpo, normalmente las piernas, los brazos y el abdomen, para promover el flujo de fluidos linf\u00e1ticos. Esto ayuda a eliminar toxinas, reducir la retenci\u00f3n de l\u00edquidos y mejorar la circulaci\u00f3n.  <\/p>\n<p>En nuestro centro en <strong>Playa del Ingl\u00e9s<\/strong>, ofrecemos una experiencia de presoterapia personalizada que se adapta a las necesidades individuales de cada cliente. Tanto si buscas alivio de la hinchaz\u00f3n, reducci\u00f3n de la celulitis o simplemente una forma de relajarte, la presoterapia ofrece una amplia gama de beneficios. <\/p>\n<h2>Beneficios de la presoterapia<\/h2>\n<p>La presoterapia no es solo un tratamiento relajante; Ofrece <strong>numerosos beneficios para la salud<\/strong> de quienes buscan mejorar su bienestar. Algunas de las principales ventajas incluyen: <\/p>\n<ul>\n<li><strong>Reducci\u00f3n de la hinchaz\u00f3n y la retenci\u00f3n de l\u00edquidos<\/strong>, sobre todo en las piernas y el abdomen.<\/li>\n<li>Mejora el <strong>drenaje linf\u00e1tico<\/strong>, ayudando al cuerpo a eliminar toxinas y productos de desecho con mayor eficacia.<\/li>\n<li><strong>Mejora la circulaci\u00f3n sangu\u00ednea<\/strong>, lo que puede ayudar a reducir el aspecto de la celulitis y favorecer una piel sana.<\/li>\n<li><strong>Alivia la pesadez de piernas<\/strong> y las varices.<\/li>\n<li>Recuperaci\u00f3n acelerada para las personas que se han sometido a <strong>cirug\u00eda est\u00e9tica<\/strong>, ayudando en el proceso de curaci\u00f3n.<\/li>\n<\/ul>\n<p>En nuestro centro, hemos visto c\u00f3mo la presoterapia ha ayudado a innumerables clientes a sentirse <strong>m\u00e1s ligeros, con energ\u00eda y m\u00e1s saludables<\/strong>. Tanto si tienes problemas de circulaci\u00f3n como si simplemente quieres darle una desintoxicaci\u00f3n a tu cuerpo, la presoterapia es una excelente opci\u00f3n. <\/p>\n<h2>\u00bfPor qu\u00e9 elegir nuestro Centro de Presoterapia en Playa del Ingl\u00e9s?<\/h2>\n<p>Nuestro centro est\u00e1 especializado en ofrecer <strong>tratamientos de presoterapia de alta calidad<\/strong> adaptados a las necesidades espec\u00edficas de nuestros clientes. Ubicados en el coraz\u00f3n de <strong>Playa del Ingl\u00e9s<\/strong>, nos centramos en crear un entorno acogedor y relajante donde puedas disfrutar al m\u00e1ximo de los beneficios de esta terapia. <\/p>\n<p>Con un equipo de profesionales altamente cualificados, nos enorgullece ofrecer un enfoque personalizado para cada sesi\u00f3n de presoterapia. Tanto si es tu primera vez como si ya has experimentado la presoterapia, nos aseguramos de que cada tratamiento sea c\u00f3modo y eficaz. <\/p>\n<h2>\u00bfQui\u00e9n debe considerar la presoterapia?<\/h2>\n<p>La presoterapia es ideal para personas que:<\/p>\n<ul>\n<li>Sufren <strong>retenci\u00f3n de l\u00edquidos<\/strong> o hinchaz\u00f3n en las piernas y el abdomen.<\/li>\n<li>Quieren mejorar su <strong>circulaci\u00f3n<\/strong> y reducir el aspecto de la celulitis.<\/li>\n<li>Se est\u00e1n recuperando de <strong>procedimientos est\u00e9ticos<\/strong> y necesitan un tratamiento que les ayude en su proceso de recuperaci\u00f3n.<\/li>\n<li>Sientes molestias por piernas pesadas o varices y necesitas alivio.<\/li>\n<li>Buscan un <strong>tratamiento no invasivo y relajante<\/strong> para mejorar su salud y bienestar general.<\/li>\n<\/ul>\n<p>Muchos de nuestros clientes acuden a nosotros en busca de soluciones para la mala circulaci\u00f3n o las piernas hinchadas, y la presoterapia ha demostrado ser un tratamiento eficaz para estos problemas.<\/p>\n<h2>Reserva tu cita de presoterapia<\/h2>\n<p>Te hemos facilitado la <strong>reserva de tu sesi\u00f3n de presoterapia<\/strong> en nuestro centro en <strong>Playa del Ingl\u00e9s<\/strong>. Simplemente visita nuestra p\u00e1gina web o ll\u00e1manos para concertar una cita que te convenga. Ofrecemos horarios flexibles para las citas, asegurando que tu tratamiento encaje perfectamente en tu agenda.  <\/p>\n<p>Nuestro objetivo es ofrecer una <strong>experiencia de presoterapia<\/strong> que te haga sentir renovado y renovado. Desde el momento en que pises nuestro centro, te sentir\u00e1s bienvenido y en paz, sabiendo que est\u00e1s en manos de profesionales que priorizan tu salud y relajaci\u00f3n. <\/p>\n<h2>Conclusi\u00f3n<\/h2>\n<p><strong>La presoterapia<\/strong> es uno de los mejores tratamientos disponibles para quienes buscan mejorar la circulaci\u00f3n, reducir la inflamaci\u00f3n y desintoxicar su cuerpo. Ya sea que busques alivio de la retenci\u00f3n de l\u00edquidos, que quieras mejorar tu recuperaci\u00f3n postoperatoria o simplemente que quieras mejorar tu bienestar general, nuestro centro en <strong>Playa del Ingl\u00e9s<\/strong> est\u00e1 aqu\u00ed para ofrecerte una experiencia de presoterapia personalizada y eficaz. <\/p>\n<p>No esperes m\u00e1s: <strong>reserva tu cita<\/strong> hoy mismo y descubre por qu\u00e9 tanta gente conf\u00eda en nosotros para <strong>la presoterapia<\/strong> en Playa del Ingl\u00e9s.<\/p>\n","protected":false},"excerpt":{"rendered":"<h1>Presoterapia en Playa del Ingl\u00e9s<\/h1>\n","protected":false},"featured_media":265,"template":"","meta":{"_uag_custom_page_level_css":"","site-sidebar-layout":"default","site-content-layout":"","ast-site-content-layout":"default","site-content-style":"default","site-sidebar-style":"default","ast-global-header-display":"","ast-banner-title-visibility":"","ast-main-header-display":"","ast-hfb-above-header-display":"","ast-hfb-below-header-display":"","ast-hfb-mobile-header-display":"","site-post-title":"","ast-breadcrumbs-content":"","ast-featured-img":"","footer-sml-layout":"","ast-disable-related-posts":"","theme-transparent-header-meta":"default","adv-header-id-meta":"","stick-header-meta":"","header-above-stick-meta":"","header-main-stick-meta":"","header-below-stick-meta":"","astra-migrate-meta-layouts":"default","ast-page-background-enabled":"default","ast-page-background-meta":{"desktop":{"background-color":"var(--ast-global-color-4)","background-image":"","background-repeat":"repeat","background-position":"center center","background-size":"auto","background-attachment":"scroll","background-type":"","background-media":"","overlay-type":"","overlay-color":"","overlay-opacity":"","overlay-gradient":""},"tablet":{"background-color":"","background-image":"","background-repeat":"repeat","background-position":"center center","background-size":"auto","background-attachment":"scroll","background-type":"","background-media":"","overlay-type":"","overlay-color":"","overlay-opacity":"","overlay-gradient":""},"mobile":{"background-color":"","background-image":"","background-repeat":"repeat","background-position":"center center","background-size":"auto","background-attachment":"scroll","background-type":"","background-media":"","overlay-type":"","overlay-color":"","overlay-opacity":"","overlay-gradient":""}},"ast-content-background-meta":{"desktop":{"background-color":"var(--ast-global-color-5)","background-image":"","background-repeat":"repeat","background-position":"center center","background-size":"auto","background-attachment":"scroll","background-type":"","background-media":"","overlay-type":"","overlay-color":"","overlay-opacity":"","overlay-gradient":""},"tablet":{"background-color":"var(--ast-global-color-5)","background-image":"","background-repeat":"repeat","background-position":"center center","background-size":"auto","background-attachment":"scroll","background-type":"","background-media":"","overlay-type":"","overlay-color":"","overlay-opacity":"","overlay-gradient":""},"mobile":{"background-color":"var(--ast-global-color-5)","background-image":"","background-repeat":"repeat","background-position":"center center","background-size":"auto","background-attachment":"scroll","background-type":"","background-media":"","overlay-type":"","overlay-color":"","overlay-opacity":"","overlay-gradient":""}},"_joinchat":[]},"product_brand":[],"product_cat":[40],"product_tag":[],"class_list":{"0":"post-290","1":"product","2":"type-product","3":"status-publish","4":"has-post-thumbnail","6":"product_cat-tratamientos-corporales","7":"desktop-align-center","8":"tablet-align-left","9":"mobile-align-left","11":"first","12":"instock","13":"shipping-taxable","14":"purchasable","15":"product-type-simple"},"uagb_featured_image_src":{"full":["https:\/\/namastecenter.es\/wp-content\/uploads\/2024\/09\/pressotherapy-playa-del-ingles-01.webp",612,411,false],"thumbnail":["https:\/\/namastecenter.es\/wp-content\/uploads\/2024\/09\/pressotherapy-playa-del-ingles-01-150x150.webp",150,150,true],"medium":["https:\/\/namastecenter.es\/wp-content\/uploads\/2024\/09\/pressotherapy-playa-del-ingles-01-300x201.webp",300,201,true],"medium_large":["https:\/\/namastecenter.es\/wp-content\/uploads\/2024\/09\/pressotherapy-playa-del-ingles-01.webp",612,411,false],"large":["https:\/\/namastecenter.es\/wp-content\/uploads\/2024\/09\/pressotherapy-playa-del-ingles-01.webp",612,411,false],"1536x1536":["https:\/\/namastecenter.es\/wp-content\/uploads\/2024\/09\/pressotherapy-playa-del-ingles-01.webp",612,411,false],"2048x2048":["https:\/\/namastecenter.es\/wp-content\/uploads\/2024\/09\/pressotherapy-playa-del-ingles-01.webp",612,411,false],"mailpoet_newsletter_max":["https:\/\/namastecenter.es\/wp-content\/uploads\/2024\/09\/pressotherapy-playa-del-ingles-01.webp",612,411,false],"woocommerce_thumbnail":["https:\/\/namastecenter.es\/wp-content\/uploads\/2024\/09\/pressotherapy-playa-del-ingles-01-300x300.webp",300,300,true],"woocommerce_single":["https:\/\/namastecenter.es\/wp-content\/uploads\/2024\/09\/pressotherapy-playa-del-ingles-01-600x403.webp",600,403,true],"woocommerce_gallery_thumbnail":["https:\/\/namastecenter.es\/wp-content\/uploads\/2024\/09\/pressotherapy-playa-del-ingles-01-100x100.webp",100,100,true]},"uagb_author_info":{"display_name":"admin","author_link":"https:\/\/namastecenter.es\/es\/author\/"},"uagb_comment_info":0,"uagb_excerpt":"Presoterapia en Playa del Ingl\u00e9s","_links":{"self":[{"href":"https:\/\/namastecenter.es\/es\/wp-json\/wp\/v2\/product\/290","targetHints":{"allow":["GET"]}}],"collection":[{"href":"https:\/\/namastecenter.es\/es\/wp-json\/wp\/v2\/product"}],"about":[{"href":"https:\/\/namastecenter.es\/es\/wp-json\/wp\/v2\/types\/product"}],"wp:featuredmedia":[{"embeddable":true,"href":"https:\/\/namastecenter.es\/es\/wp-json\/wp\/v2\/media\/265"}],"wp:attachment":[{"href":"https:\/\/namastecenter.es\/es\/wp-json\/wp\/v2\/media?parent=290"}],"wp:term":[{"taxonomy":"product_brand","embeddable":true,"href":"https:\/\/namastecenter.es\/es\/wp-json\/wp\/v2\/product_brand?post=290"},{"taxonomy":"product_cat","embeddable":true,"href":"https:\/\/namastecenter.es\/es\/wp-json\/wp\/v2\/product_cat?post=290"},{"taxonomy":"product_tag","embeddable":true,"href":"https:\/\/namastecenter.es\/es\/wp-json\/wp\/v2\/product_tag?post=290"}],"curies":[{"name":"wp","href":"https:\/\/api.w.org\/{rel}","templated":true}]}}