{"id":288,"date":"2024-09-27T15:54:50","date_gmt":"2024-09-27T15:54:50","guid":{"rendered":"https:\/\/namastecenter.es\/playa-del-ingles\/sin%20categor\u00eda\/pedicura\/"},"modified":"2025-03-09T11:14:40","modified_gmt":"2025-03-09T11:14:40","slug":"pedicura","status":"publish","type":"product","link":"https:\/\/namastecenter.es\/es\/playa-del-ingles\/estetica\/pedicura\/","title":{"rendered":"Pedicura"},"content":{"rendered":"<h1>Pedicura en Playa del Ingl\u00e9s: Trata tus pies con el cuidado que se merecen<\/h1>\n<p>Tus pies te acompa\u00f1an todos los d\u00edas, as\u00ed que \u00bfpor qu\u00e9 no les das el cuidado y la atenci\u00f3n que necesitan con una <strong>pedicura<\/strong> profesional? En nuestro sal\u00f3n en <strong>Playa del Ingl\u00e9s<\/strong> , ofrecemos una amplia gama de <strong>tratamientos de pedicura<\/strong> dise\u00f1ados para mantener tus pies sanos, tus u\u00f1as prolijas y tu piel suave. Ya sea que est\u00e9s buscando refrescar tus pies o prepararte para la temporada de sandalias, nuestros servicios de pedicura expertos est\u00e1n aqu\u00ed para ayudarte a lucir y sentirte lo mejor posible.  <\/p>\n<h2>\u00bfQu\u00e9 es una pedicura?<\/h2>\n<p>La <strong>pedicura<\/strong> es un tratamiento de belleza enfocado en el cuidado de los pies y las u\u00f1as de los pies. Implica limpiar, recortar y dar forma a las u\u00f1as de los pies, eliminar la piel muerta e hidratar los pies. Una <strong>pedicura profesional<\/strong> no solo mejora la apariencia de los pies, sino que tambi\u00e9n promueve <strong>la salud de los pies<\/strong> al prevenir problemas comunes como las u\u00f1as encarnadas y los callos.  <\/p>\n<p>En nuestro sal\u00f3n en <strong>Playa del Ingl\u00e9s<\/strong> , ofrecemos una gama completa de <strong>opciones de pedicura<\/strong> , desde el simple cuidado de las u\u00f1as hasta lujosos tratamientos para los pies, garantizando que sus pies reciban la atenci\u00f3n que merecen.<\/p>\n<h2>Beneficios de la pedicura<\/h2>\n<p>Una <strong>pedicura<\/strong> ofrece una variedad de <strong>beneficios de salud y belleza<\/strong> para tus pies, que incluyen:  <\/p>\n<ul>\n<li><strong>Mejora la higiene de los pies<\/strong>: Las pedicuras regulares ayudan a mantener los pies limpios y libres de suciedad, bacterias y piel muerta.<\/li>\n<li><strong>Prevenci\u00f3n de trastornos de las u\u00f1as<\/strong>: Al recortar y limpiar correctamente las u\u00f1as de los pies, la pedicura ayuda a prevenir problemas como las <strong>u\u00f1as encarnadas<\/strong> y las infecciones f\u00fangicas.<\/li>\n<li><strong>Piel m\u00e1s suave<\/strong>: La pedicura incluye la exfoliaci\u00f3n, que elimina las c\u00e9lulas muertas de la piel, suavizando las asperezas y manteniendo los pies suaves.<\/li>\n<li><strong>Relajaci\u00f3n y alivio del estr\u00e9s<\/strong>: Los masajes y tratamientos podales proporcionan una experiencia relajante, ayud\u00e1ndote a desconectar a la vez que mejoran la circulaci\u00f3n.<\/li>\n<li><strong>Mejor aspecto<\/strong>: Unas u\u00f1as pulidas y bien cuidadas dan a tus pies un aspecto limpio y atractivo, perfecto para llevar sandalias o ir descalzo.<\/li>\n<\/ul>\n<p>Ya sea que desee mantener <strong>la salud de sus pies<\/strong> o simplemente disfrutar de una sesi\u00f3n de mimos, una <strong>pedicura<\/strong> brinda beneficios tanto est\u00e9ticos como terap\u00e9uticos.<\/p>\n<h2>\u00bfPor qu\u00e9 elegir nuestros servicios de pedicura en Playa del Ingl\u00e9s?<\/h2>\n<p>En nuestro sal\u00f3n de <strong>Playa del Ingl\u00e9s<\/strong> , nos comprometemos a ofrecer <strong>tratamientos de pedicura de alta calidad<\/strong> que prioricen tanto <strong>el cuidado de los pies<\/strong> como la relajaci\u00f3n. Nuestros t\u00e9cnicos experimentados est\u00e1n capacitados para brindar un cuidado profesional que har\u00e1 que sus pies se vean y se sientan incre\u00edbles. Usamos productos de primera calidad para garantizar resultados duraderos y mantener sus pies suaves, tersos y saludables.  <\/p>\n<p>Nuestros <strong>tratamientos de pedicura<\/strong> se adaptan a tus necesidades, desde un mantenimiento b\u00e1sico hasta tratamientos de pies de lujo que incluyen exfoliaci\u00f3n, mascarillas y masajes hidratantes. Ya sea que te est\u00e9s preparando para unas vacaciones o simplemente quieras mimar tus pies, tenemos el servicio perfecto para ti. <\/p>\n<h2>Tipos de servicios de pedicura que ofrecemos<\/h2>\n<p>Ofrecemos una variedad de <strong>tratamientos de pedicura<\/strong> para satisfacer diferentes necesidades y preferencias: <\/p>\n<ul>\n<li><strong>Pedicura Cl\u00e1sica<\/strong>: Una pedicura tradicional que incluye cortar, dar forma y pulir las u\u00f1as de los pies, as\u00ed como <strong>el cuidado de las cut\u00edculas<\/strong> y un masaje hidratante de pies.<\/li>\n<li><strong>Pedicura en gel<\/strong>: Para unos resultados duraderos y resistentes a los desconchones, nuestra <strong>pedicura en gel<\/strong> proporciona un acabado brillante que puede durar hasta varias semanas.<\/li>\n<li><strong>Pedicura Spa<\/strong> : Un tratamiento de lujo que incluye un ba\u00f1o de pies, exfoliaci\u00f3n, mascarilla hidratante y un masaje relajante. Ideal para quienes desean mimar sus pies al m\u00e1ximo. <\/li>\n<li><strong>Pedicura Eliminaci\u00f3n de Callos<\/strong>: Este tratamiento se centra en eliminar la piel dura y endurecida de los talones y plantas de los pies, dej\u00e1ndolos lisos y suaves.<\/li>\n<li><strong>Pedicura Francesa<\/strong>: Para un look cl\u00e1sico y elegante, la <strong>pedicura<\/strong> francesa proporciona un acabado natural con una punta blanca perfecta para cualquier ocasi\u00f3n.<\/li>\n<\/ul>\n<p>Cualquiera que sean sus necesidades, nuestros <strong>servicios de pedicura<\/strong> est\u00e1n dise\u00f1ados para brindarle a sus pies el cuidado que necesitan y garantizar que salga de nuestro sal\u00f3n sinti\u00e9ndose relajado y renovado.<\/p>\n<h2>\u00bfQui\u00e9n puede beneficiarse de una pedicura?<\/h2>\n<p>La <strong>pedicura<\/strong> es adecuada para cualquier persona que desee mejorar el aspecto y la salud de sus pies. Es especialmente beneficiosa para: <\/p>\n<ul>\n<li><strong>Personas con piel seca y agrietada<\/strong>: Las pedicuras regulares ayudan a mantener los pies hidratados y evitan la acumulaci\u00f3n de piel \u00e1spera y callosidades.<\/li>\n<li><strong>Personas que llevan sandalias o zapatos abiertos<\/strong>: Una pedicura bien cuidada garantiza que tus pies tengan siempre un aspecto cuidado y pulido.<\/li>\n<li><strong>Personas activas<\/strong>: Si est\u00e1s constantemente de pie, una pedicura puede ayudarte a aliviar la tensi\u00f3n, mejorar la circulaci\u00f3n y prevenir problemas en los pies.<\/li>\n<li><strong>Cualquiera que busque relajarse<\/strong>: el masaje relajante y los elementos hidratantes de una pedicura pueden ayudarte a desconectar y <strong>desestresarte<\/strong>.<\/li>\n<\/ul>\n<p>Nuestros servicios de pedicura son perfectos para cualquier persona que quiera mantener sus pies sanos, suaves y listos para lucirse.<\/p>\n<h2>Reserva tu pedicura<\/h2>\n<p>Hemos simplificado la <strong>reserva de tu pedicura<\/strong> en nuestro sal\u00f3n en <strong>Playa del Ingl\u00e9s<\/strong> . Puedes programar tu cita en l\u00ednea o llam\u00e1ndonos. Nuestras <strong>opciones de reserva flexibles<\/strong> hacen que sea f\u00e1cil encontrar un horario que te convenga, ya sea que necesites un retoque r\u00e1pido o un tratamiento de pies m\u00e1s prolongado y lujoso.  <\/p>\n<p>Nuestro equipo est\u00e1 dedicado a brindarle la mejor <strong>experiencia de pedicura<\/strong> , garantizando que sus pies est\u00e9n mimados, saludables y hermosos.<\/p>\n<h2>Conclusi\u00f3n<\/h2>\n<p>Una <strong>pedicura<\/strong> profesional es una excelente manera de mantener la salud y el aspecto de sus pies. Ya sea que est\u00e9 buscando un simple tratamiento de u\u00f1as o una experiencia lujosa para todo el pie, nuestros <strong>servicios de pedicura<\/strong> en <strong>Playa del Ingl\u00e9s<\/strong> est\u00e1n dise\u00f1ados para satisfacer sus necesidades. <\/p>\n<p>No esperes m\u00e1s para darle a tus pies el cuidado que se merecen. <strong>Reserva tu pedicura<\/strong> hoy y disfruta de unos pies suaves y tersos que lucen tan bien como se sienten.<\/p>\n","protected":false},"excerpt":{"rendered":"<h1>Pedicura en Playa del Ingl\u00e9s<\/h1>\n","protected":false},"featured_media":245,"template":"","meta":{"_uag_custom_page_level_css":"","site-sidebar-layout":"default","site-content-layout":"","ast-site-content-layout":"default","site-content-style":"default","site-sidebar-style":"default","ast-global-header-display":"","ast-banner-title-visibility":"","ast-main-header-display":"","ast-hfb-above-header-display":"","ast-hfb-below-header-display":"","ast-hfb-mobile-header-display":"","site-post-title":"","ast-breadcrumbs-content":"","ast-featured-img":"","footer-sml-layout":"","ast-disable-related-posts":"","theme-transparent-header-meta":"default","adv-header-id-meta":"","stick-header-meta":"","header-above-stick-meta":"","header-main-stick-meta":"","header-below-stick-meta":"","astra-migrate-meta-layouts":"default","ast-page-background-enabled":"default","ast-page-background-meta":{"desktop":{"background-color":"var(--ast-global-color-4)","background-image":"","background-repeat":"repeat","background-position":"center center","background-size":"auto","background-attachment":"scroll","background-type":"","background-media":"","overlay-type":"","overlay-color":"","overlay-opacity":"","overlay-gradient":""},"tablet":{"background-color":"","background-image":"","background-repeat":"repeat","background-position":"center center","background-size":"auto","background-attachment":"scroll","background-type":"","background-media":"","overlay-type":"","overlay-color":"","overlay-opacity":"","overlay-gradient":""},"mobile":{"background-color":"","background-image":"","background-repeat":"repeat","background-position":"center center","background-size":"auto","background-attachment":"scroll","background-type":"","background-media":"","overlay-type":"","overlay-color":"","overlay-opacity":"","overlay-gradient":""}},"ast-content-background-meta":{"desktop":{"background-color":"var(--ast-global-color-5)","background-image":"","background-repeat":"repeat","background-position":"center center","background-size":"auto","background-attachment":"scroll","background-type":"","background-media":"","overlay-type":"","overlay-color":"","overlay-opacity":"","overlay-gradient":""},"tablet":{"background-color":"var(--ast-global-color-5)","background-image":"","background-repeat":"repeat","background-position":"center center","background-size":"auto","background-attachment":"scroll","background-type":"","background-media":"","overlay-type":"","overlay-color":"","overlay-opacity":"","overlay-gradient":""},"mobile":{"background-color":"var(--ast-global-color-5)","background-image":"","background-repeat":"repeat","background-position":"center center","background-size":"auto","background-attachment":"scroll","background-type":"","background-media":"","overlay-type":"","overlay-color":"","overlay-opacity":"","overlay-gradient":""}},"_joinchat":[]},"product_brand":[],"product_cat":[41],"product_tag":[],"class_list":{"0":"post-288","1":"product","2":"type-product","3":"status-publish","4":"has-post-thumbnail","6":"product_cat-estetica","7":"desktop-align-center","8":"tablet-align-left","9":"mobile-align-left","11":"first","12":"instock","13":"shipping-taxable","14":"purchasable","15":"product-type-simple"},"uagb_featured_image_src":{"full":["https:\/\/namastecenter.es\/wp-content\/uploads\/2024\/09\/relaxing-pink-manicure-and-pedicure-playa-del-ingles.webp",600,400,false],"thumbnail":["https:\/\/namastecenter.es\/wp-content\/uploads\/2024\/09\/relaxing-pink-manicure-and-pedicure-playa-del-ingles-150x150.webp",150,150,true],"medium":["https:\/\/namastecenter.es\/wp-content\/uploads\/2024\/09\/relaxing-pink-manicure-and-pedicure-playa-del-ingles-300x200.webp",300,200,true],"medium_large":["https:\/\/namastecenter.es\/wp-content\/uploads\/2024\/09\/relaxing-pink-manicure-and-pedicure-playa-del-ingles.webp",600,400,false],"large":["https:\/\/namastecenter.es\/wp-content\/uploads\/2024\/09\/relaxing-pink-manicure-and-pedicure-playa-del-ingles.webp",600,400,false],"1536x1536":["https:\/\/namastecenter.es\/wp-content\/uploads\/2024\/09\/relaxing-pink-manicure-and-pedicure-playa-del-ingles.webp",600,400,false],"2048x2048":["https:\/\/namastecenter.es\/wp-content\/uploads\/2024\/09\/relaxing-pink-manicure-and-pedicure-playa-del-ingles.webp",600,400,false],"mailpoet_newsletter_max":["https:\/\/namastecenter.es\/wp-content\/uploads\/2024\/09\/relaxing-pink-manicure-and-pedicure-playa-del-ingles.webp",600,400,false],"woocommerce_thumbnail":["https:\/\/namastecenter.es\/wp-content\/uploads\/2024\/09\/relaxing-pink-manicure-and-pedicure-playa-del-ingles-300x300.webp",300,300,true],"woocommerce_single":["https:\/\/namastecenter.es\/wp-content\/uploads\/2024\/09\/relaxing-pink-manicure-and-pedicure-playa-del-ingles.webp",600,400,false],"woocommerce_gallery_thumbnail":["https:\/\/namastecenter.es\/wp-content\/uploads\/2024\/09\/relaxing-pink-manicure-and-pedicure-playa-del-ingles-100x100.webp",100,100,true]},"uagb_author_info":{"display_name":"admin","author_link":"https:\/\/namastecenter.es\/es\/author\/"},"uagb_comment_info":0,"uagb_excerpt":"Pedicura en Playa del Ingl\u00e9s","_links":{"self":[{"href":"https:\/\/namastecenter.es\/es\/wp-json\/wp\/v2\/product\/288","targetHints":{"allow":["GET"]}}],"collection":[{"href":"https:\/\/namastecenter.es\/es\/wp-json\/wp\/v2\/product"}],"about":[{"href":"https:\/\/namastecenter.es\/es\/wp-json\/wp\/v2\/types\/product"}],"wp:featuredmedia":[{"embeddable":true,"href":"https:\/\/namastecenter.es\/es\/wp-json\/wp\/v2\/media\/245"}],"wp:attachment":[{"href":"https:\/\/namastecenter.es\/es\/wp-json\/wp\/v2\/media?parent=288"}],"wp:term":[{"taxonomy":"product_brand","embeddable":true,"href":"https:\/\/namastecenter.es\/es\/wp-json\/wp\/v2\/product_brand?post=288"},{"taxonomy":"product_cat","embeddable":true,"href":"https:\/\/namastecenter.es\/es\/wp-json\/wp\/v2\/product_cat?post=288"},{"taxonomy":"product_tag","embeddable":true,"href":"https:\/\/namastecenter.es\/es\/wp-json\/wp\/v2\/product_tag?post=288"}],"curies":[{"name":"wp","href":"https:\/\/api.w.org\/{rel}","templated":true}]}}