{"id":285,"date":"2024-09-28T09:35:01","date_gmt":"2024-09-28T09:35:01","guid":{"rendered":"https:\/\/namastecenter.es\/playa-del-ingles\/sin%20categor\u00eda\/terapia-reflexologica\/"},"modified":"2025-03-09T11:14:36","modified_gmt":"2025-03-09T11:14:36","slug":"terapia-reflexologica","status":"publish","type":"product","link":"https:\/\/namastecenter.es\/es\/playa-del-ingles\/tratamientos-corporales\/terapia-reflexologica\/","title":{"rendered":"Terapia de Reflexolog\u00eda (50 min)"},"content":{"rendered":"<h1>Terapia de Reflexolog\u00eda en Playa del Ingl\u00e9s &#8211; Descubre la Relajaci\u00f3n Total<\/h1>\n<h2>\u00bfQu\u00e9 es la reflexolog\u00eda?<\/h2>\n<p>La reflexolog\u00eda es una <strong>antigua pr\u00e1ctica curativa<\/strong> que se centra en aplicar presi\u00f3n en puntos espec\u00edficos de los pies, las manos y las orejas, que corresponden a distintos \u00f3rganos y sistemas del cuerpo. En <strong>el Centro Namast\u00e9 de Playa del<\/strong> Ingl\u00e9s estamos especializados en tratamientos de reflexolog\u00eda dise\u00f1ados para restablecer el equilibrio, mejorar la salud general y promover la relajaci\u00f3n. <\/p>\n<h2>Beneficios de la terapia reflexol\u00f3gica<\/h2>\n<p>Nuestros expertos reflex\u00f3logos del Centro Namast\u00e9 ayudan a los clientes a experimentar los numerosos beneficios de esta terapia:<\/p>\n<ul>\n<li><strong>Reduce el estr\u00e9s y la tensi\u00f3n<\/strong> en todo el cuerpo<\/li>\n<li><strong>Mejora la circulaci\u00f3n sangu\u00ednea<\/strong> y aumenta los niveles de energ\u00eda<\/li>\n<li><strong>Favorece la curaci\u00f3n natural<\/strong> activando los puntos de presi\u00f3n relacionados con los \u00f3rganos vitales<\/li>\n<li><strong>Equilibra el flujo de energ\u00eda<\/strong> para el bienestar general<\/li>\n<li>Ayuda a aliviar el dolor, la fatiga y otras molestias<\/li>\n<\/ul>\n<h2>\u00bfPor qu\u00e9 elegir el Centro Namast\u00e9 de Reflexolog\u00eda?<\/h2>\n<p>En el Centro Namast\u00e9, situado en el tranquilo coraz\u00f3n de <strong>Playa del Ingl\u00e9s<\/strong>, combinamos <strong>las t\u00e9cnicas tradicionales de reflexolog\u00eda<\/strong> con un entorno tranquilo y sereno para garantizar una experiencia hol\u00edstica y profundamente relajante. Nuestros terapeutas altamente cualificados se comprometen a proporcionar tratamientos personalizados que aborden tus necesidades \u00fanicas, ayud\u00e1ndote a relajarte tanto mental como f\u00edsicamente. <\/p>\n<h2>Sesiones de reflexolog\u00eda personalizadas<\/h2>\n<p>Tanto si tienes problemas de salud espec\u00edficos, como dolores de cabeza, problemas digestivos o dolores musculares, como si simplemente buscas relajarte, nuestras sesiones de reflexolog\u00eda se adaptan a tus necesidades individuales. Cada sesi\u00f3n tiene como objetivo rejuvenecer tu cuerpo y restablecer la armon\u00eda. <\/p>\n<h2>Qu\u00e9 esperar durante un tratamiento de reflexolog\u00eda<\/h2>\n<p>Durante una sesi\u00f3n t\u00edpica, estar\u00e1s sentado o tumbado c\u00f3modamente mientras el terapeuta aplica una suave presi\u00f3n en los puntos reflejos de los pies. Este toque estimulante ayuda a desencadenar el proceso curativo natural de tu cuerpo, dej\u00e1ndote relajado y vigorizado. El tratamiento dura aproximadamente 30-60 minutos, seg\u00fan la sesi\u00f3n que elijas.  <\/p>\n<h2>Reserva tu tratamiento de reflexolog\u00eda en Playa del Ingl\u00e9s<\/h2>\n<p>Experimenta los beneficios curativos y relajantes de la reflexolog\u00eda en el Centro Namast\u00e9. Tanto si eres residente local como si est\u00e1s de visita en Playa del Ingl\u00e9s, nuestro centro es el santuario perfecto para desconectar. <strong>Reserva tu cita hoy mismo<\/strong> y ad\u00e9ntrate en un mundo de tranquilidad y bienestar. <\/p>\n<p><strong>Centro Namast\u00e9 &#8211; Tus Expertos en Reflexolog\u00eda en Playa del Ingl\u00e9s<\/strong><\/p>\n","protected":false},"excerpt":{"rendered":"<h1>Reflexolog\u00eda en Playa del Ingles<\/h1>\n","protected":false},"featured_media":256,"template":"","meta":{"_uag_custom_page_level_css":"","site-sidebar-layout":"default","site-content-layout":"","ast-site-content-layout":"default","site-content-style":"default","site-sidebar-style":"default","ast-global-header-display":"","ast-banner-title-visibility":"","ast-main-header-display":"","ast-hfb-above-header-display":"","ast-hfb-below-header-display":"","ast-hfb-mobile-header-display":"","site-post-title":"","ast-breadcrumbs-content":"","ast-featured-img":"","footer-sml-layout":"","ast-disable-related-posts":"","theme-transparent-header-meta":"default","adv-header-id-meta":"","stick-header-meta":"","header-above-stick-meta":"","header-main-stick-meta":"","header-below-stick-meta":"","astra-migrate-meta-layouts":"default","ast-page-background-enabled":"default","ast-page-background-meta":{"desktop":{"background-color":"var(--ast-global-color-4)","background-image":"","background-repeat":"repeat","background-position":"center center","background-size":"auto","background-attachment":"scroll","background-type":"","background-media":"","overlay-type":"","overlay-color":"","overlay-opacity":"","overlay-gradient":""},"tablet":{"background-color":"","background-image":"","background-repeat":"repeat","background-position":"center center","background-size":"auto","background-attachment":"scroll","background-type":"","background-media":"","overlay-type":"","overlay-color":"","overlay-opacity":"","overlay-gradient":""},"mobile":{"background-color":"","background-image":"","background-repeat":"repeat","background-position":"center center","background-size":"auto","background-attachment":"scroll","background-type":"","background-media":"","overlay-type":"","overlay-color":"","overlay-opacity":"","overlay-gradient":""}},"ast-content-background-meta":{"desktop":{"background-color":"var(--ast-global-color-5)","background-image":"","background-repeat":"repeat","background-position":"center center","background-size":"auto","background-attachment":"scroll","background-type":"","background-media":"","overlay-type":"","overlay-color":"","overlay-opacity":"","overlay-gradient":""},"tablet":{"background-color":"var(--ast-global-color-5)","background-image":"","background-repeat":"repeat","background-position":"center center","background-size":"auto","background-attachment":"scroll","background-type":"","background-media":"","overlay-type":"","overlay-color":"","overlay-opacity":"","overlay-gradient":""},"mobile":{"background-color":"var(--ast-global-color-5)","background-image":"","background-repeat":"repeat","background-position":"center center","background-size":"auto","background-attachment":"scroll","background-type":"","background-media":"","overlay-type":"","overlay-color":"","overlay-opacity":"","overlay-gradient":""}},"_joinchat":[]},"product_brand":[],"product_cat":[40],"product_tag":[],"class_list":{"0":"post-285","1":"product","2":"type-product","3":"status-publish","4":"has-post-thumbnail","6":"product_cat-tratamientos-corporales","7":"desktop-align-center","8":"tablet-align-left","9":"mobile-align-left","11":"first","12":"instock","13":"shipping-taxable","14":"purchasable","15":"product-type-simple"},"uagb_featured_image_src":{"full":["https:\/\/namastecenter.es\/wp-content\/uploads\/2024\/09\/reflexology-rherapy-playa-del-ingles.webp",713,486,false],"thumbnail":["https:\/\/namastecenter.es\/wp-content\/uploads\/2024\/09\/reflexology-rherapy-playa-del-ingles-150x150.webp",150,150,true],"medium":["https:\/\/namastecenter.es\/wp-content\/uploads\/2024\/09\/reflexology-rherapy-playa-del-ingles-300x204.webp",300,204,true],"medium_large":["https:\/\/namastecenter.es\/wp-content\/uploads\/2024\/09\/reflexology-rherapy-playa-del-ingles.webp",713,486,false],"large":["https:\/\/namastecenter.es\/wp-content\/uploads\/2024\/09\/reflexology-rherapy-playa-del-ingles.webp",713,486,false],"1536x1536":["https:\/\/namastecenter.es\/wp-content\/uploads\/2024\/09\/reflexology-rherapy-playa-del-ingles.webp",713,486,false],"2048x2048":["https:\/\/namastecenter.es\/wp-content\/uploads\/2024\/09\/reflexology-rherapy-playa-del-ingles.webp",713,486,false],"mailpoet_newsletter_max":["https:\/\/namastecenter.es\/wp-content\/uploads\/2024\/09\/reflexology-rherapy-playa-del-ingles.webp",713,486,false],"woocommerce_thumbnail":["https:\/\/namastecenter.es\/wp-content\/uploads\/2024\/09\/reflexology-rherapy-playa-del-ingles-300x300.webp",300,300,true],"woocommerce_single":["https:\/\/namastecenter.es\/wp-content\/uploads\/2024\/09\/reflexology-rherapy-playa-del-ingles-600x409.webp",600,409,true],"woocommerce_gallery_thumbnail":["https:\/\/namastecenter.es\/wp-content\/uploads\/2024\/09\/reflexology-rherapy-playa-del-ingles-100x100.webp",100,100,true]},"uagb_author_info":{"display_name":"admin","author_link":"https:\/\/namastecenter.es\/es\/author\/"},"uagb_comment_info":0,"uagb_excerpt":"Reflexolog\u00eda en Playa del Ingles","_links":{"self":[{"href":"https:\/\/namastecenter.es\/es\/wp-json\/wp\/v2\/product\/285","targetHints":{"allow":["GET"]}}],"collection":[{"href":"https:\/\/namastecenter.es\/es\/wp-json\/wp\/v2\/product"}],"about":[{"href":"https:\/\/namastecenter.es\/es\/wp-json\/wp\/v2\/types\/product"}],"wp:featuredmedia":[{"embeddable":true,"href":"https:\/\/namastecenter.es\/es\/wp-json\/wp\/v2\/media\/256"}],"wp:attachment":[{"href":"https:\/\/namastecenter.es\/es\/wp-json\/wp\/v2\/media?parent=285"}],"wp:term":[{"taxonomy":"product_brand","embeddable":true,"href":"https:\/\/namastecenter.es\/es\/wp-json\/wp\/v2\/product_brand?post=285"},{"taxonomy":"product_cat","embeddable":true,"href":"https:\/\/namastecenter.es\/es\/wp-json\/wp\/v2\/product_cat?post=285"},{"taxonomy":"product_tag","embeddable":true,"href":"https:\/\/namastecenter.es\/es\/wp-json\/wp\/v2\/product_tag?post=285"}],"curies":[{"name":"wp","href":"https:\/\/api.w.org\/{rel}","templated":true}]}}