{"id":284,"date":"2024-09-27T14:55:49","date_gmt":"2024-09-27T14:55:49","guid":{"rendered":"https:\/\/namastecenter.es\/playa-del-ingles\/sin%20categor\u00eda\/limpieza-facial\/"},"modified":"2025-03-09T11:14:51","modified_gmt":"2025-03-09T11:14:51","slug":"limpieza-facial","status":"publish","type":"product","link":"https:\/\/namastecenter.es\/es\/playa-del-ingles\/tratamientos\/limpieza-facial\/","title":{"rendered":"Limpieza facial"},"content":{"rendered":"<h1>Piel Radiante con la Limpieza Facial en Playa del Ingl\u00e9s: Refresca y Rejuvenece tu Piel<\/h1>\n<p>Para conseguir una piel sana y luminosa hay que empezar por una rutina <strong>de limpieza facial<\/strong> adecuada. En nuestro spa de <strong>Playa del Ingl\u00e9s<\/strong> ofrecemos <strong>tratamientos de limpieza facial<\/strong> profesionales dise\u00f1ados para limpiar, exfoliar y refrescar la piel en profundidad. Tanto si tienes acn\u00e9, puntos negros o simplemente quieres mantener una tez radiante, nuestros tratamientos faciales expertos proporcionan el cuidado que tu piel necesita para lucir y sentirse lo mejor posible.  <\/p>\n<h2>\u00bfQu\u00e9 es la limpieza facial?<\/h2>\n<p>La <strong>limpieza facial<\/strong> es un tratamiento de belleza que se centra en limpiar profundamente la piel, eliminando impurezas, exceso de grasa y c\u00e9lulas muertas. Ayuda a destapar los poros, reducir la aparici\u00f3n de puntos negros y prevenir la aparici\u00f3n de acn\u00e9, dejando la piel suave, fresca y rejuvenecida. Una limpieza facial profesional tambi\u00e9n promueve una piel sana al mejorar <strong>la hidrataci\u00f3n<\/strong> y realzar el brillo natural de la piel.  <\/p>\n<p>En nuestro spa en <strong>Playa del Ingl\u00e9s<\/strong> , nuestros <strong>tratamientos de limpieza facial<\/strong> se personalizan para adaptarse a tu tipo de piel y necesidades espec\u00edficas, garantizando que recibas el mejor cuidado para tu cutis.<\/p>\n<h2>Beneficios de una limpieza facial<\/h2>\n<p>Una <strong>limpieza facial<\/strong> es esencial para mantener una piel sana y ofrece una serie de <strong>beneficios<\/strong> :  <\/p>\n<ul>\n<li><strong>Limpieza profunda de los poros<\/strong>: Elimina la suciedad, la grasa y las impurezas que pueden obstruir los poros y provocar puntos negros o acn\u00e9.<\/li>\n<li><strong>Exfoliaci\u00f3n<\/strong>: Elimina suavemente las c\u00e9lulas muertas de la piel, proporcionando un cutis m\u00e1s luminoso y terso.<\/li>\n<li><strong>Hidrataci\u00f3n<\/strong>: Repone la humedad, manteniendo tu piel suave y evitando la sequedad.<\/li>\n<li><strong>Mejora la circulaci\u00f3n<\/strong>: Los masajes faciales estimulan el flujo sangu\u00edneo, aportando m\u00e1s ox\u00edgeno a la piel, lo que favorece la cicatrizaci\u00f3n y un brillo saludable.<\/li>\n<li><strong>Previene los brotes<\/strong>: Al mantener la piel limpia y clara, la limpieza facial ayuda a prevenir el acn\u00e9 y otras afecciones cut\u00e1neas.<\/li>\n<\/ul>\n<p>Ya sea que est\u00e9 buscando una limpieza profunda para reducir las imperfecciones o un tratamiento para refrescar la piel cansada, nuestros <strong>servicios de limpieza facial<\/strong> ofrecen resultados duraderos.<\/p>\n<h2>\u00bfPor qu\u00e9 elegir nuestros tratamientos de limpieza facial en Playa del Ingl\u00e9s?<\/h2>\n<p>En nuestro spa en <strong>Playa del Ingl\u00e9s<\/strong> ofrecemos <strong>tratamientos de limpieza facial<\/strong> de alta calidad dise\u00f1ados para satisfacer las necesidades \u00fanicas de su piel. Nuestros esteticistas profesionales est\u00e1n capacitados para evaluar su tipo de piel y personalizar cada tratamiento, asegurando que su piel reciba el cuidado que se merece. <\/p>\n<p>Utilizamos productos de primera l\u00ednea que son suaves pero efectivos y que se enfocan en problemas espec\u00edficos de la piel, como acn\u00e9, sequedad o falta de brillo. Nuestro objetivo es dejarte <strong>la piel limpia, fresca y radiante<\/strong> , todo en un ambiente relajante y tranquilo. <\/p>\n<h2>Tipos de tratamientos de limpieza facial que ofrecemos<\/h2>\n<p>Ofrecemos una variedad de <strong>tratamientos de limpieza facial<\/strong> adaptados a diferentes tipos de piel y problemas: <\/p>\n<ul>\n<li><strong>Limpieza facial b\u00e1sica<\/strong> : este tratamiento incluye una limpieza profunda, exfoliaci\u00f3n, extracci\u00f3n de puntos negros e hidrataci\u00f3n. Ideal para mantener la salud general de la piel. <\/li>\n<li><strong>Limpieza Profunda de Poros<\/strong>: Espec\u00edficamente dise\u00f1ado para quienes tienen la piel propensa al acn\u00e9 o grasa, este tratamiento se centra en desobstruir los poros y reducir el exceso de producci\u00f3n de grasa.<\/li>\n<li><strong>Facial Hidratante<\/strong>: Una opci\u00f3n perfecta para quienes tienen la piel seca o sensible, este tratamiento incluye una limpieza suave seguida de una hidrataci\u00f3n intensa, que deja la piel suave y flexible.<\/li>\n<li><strong>Limpieza Facial Antienvejecimiento<\/strong>: Dirigido a los signos del envejecimiento, este tratamiento incluye limpieza, exfoliaci\u00f3n y productos hidratantes ricos en antioxidantes para ayudar a reducir las l\u00edneas de expresi\u00f3n y potenciar la juventud de la piel.<\/li>\n<li><strong>Facial Piel Sensible<\/strong>: Un tratamiento suave y calmante para pieles sensibles que calma la irritaci\u00f3n a la vez que proporciona una limpieza profunda e hidrataci\u00f3n.<\/li>\n<\/ul>\n<p>No importa cu\u00e1l sea su tipo de piel, nuestros <strong>tratamientos de limpieza facial<\/strong> est\u00e1n dise\u00f1ados para resaltar lo mejor de su cutis, dej\u00e1ndolo sinti\u00e9ndose rejuvenecido y radiante.<\/p>\n<h2>\u00bfQui\u00e9n puede beneficiarse de la limpieza facial?<\/h2>\n<p>La <strong>limpieza facial<\/strong> es adecuada para cualquier persona que desee mejorar la salud y el aspecto de su piel. Es especialmente beneficiosa para: <\/p>\n<ul>\n<li><strong>Personas con piel propensa al acn\u00e9<\/strong>: La limpieza facial regular puede ayudar a reducir los brotes al mantener los poros limpios y eliminar el exceso de grasa.<\/li>\n<li><strong>Los que tienen puntos negros o los poros obstruidos<\/strong>: Un tratamiento facial profesional puede extraer las impurezas y mantener la piel limpia.<\/li>\n<li><strong>Cualquier persona con la piel apagada o de aspecto cansado<\/strong>: Una limpieza y exfoliaci\u00f3n a fondo iluminar\u00e1 y revitalizar\u00e1 tu cutis.<\/li>\n<li><strong>Personas con piel seca o escamosa<\/strong>: Los tratamientos faciales hidratantes devuelven la hidrataci\u00f3n y el equilibrio a la piel.<\/li>\n<li><strong>Cualquier persona que desee mantener un cutis sano<\/strong>: Los tratamientos regulares de limpieza facial ayudan a mantener una piel clara, suave y joven.<\/li>\n<\/ul>\n<p>Nuestros tratamientos de limpieza facial son perfectos para cualquier persona que busque una <strong>tez fresca y radiante<\/strong> , independientemente del tipo de piel o la edad.<\/p>\n<h2>Reserva tu limpieza facial<\/h2>\n<p>Reservar una <strong>limpieza facial<\/strong> en nuestro spa en <strong>Playa del Ingl\u00e9s<\/strong> es f\u00e1cil. Puedes programar tu cita online o llam\u00e1ndonos directamente. Ofrecemos <strong>horarios flexibles<\/strong> que se adaptan a tu agenda, para que puedas disfrutar de un tratamiento facial rejuvenecedor cuando te resulte m\u00e1s c\u00f3modo.  <\/p>\n<p>Nuestro equipo est\u00e1 dedicado a brindar la mejor <strong>experiencia de limpieza facial<\/strong> , dejando su piel limpia, fresca y radiante.<\/p>\n<h2>Conclusi\u00f3n<\/h2>\n<p>Una <strong>limpieza facial<\/strong> profesional es una parte esencial para mantener una piel sana y radiante. Ya sea que est\u00e9s buscando tratar problemas espec\u00edficos como el acn\u00e9 o simplemente quieras mimarte con un tratamiento refrescante, nuestros <strong>servicios de limpieza facial<\/strong> en <strong>Playa del Ingl\u00e9s<\/strong> est\u00e1n dise\u00f1ados para satisfacer las necesidades de tu piel. <\/p>\n<p>\u00a1No esperes m\u00e1s para darle a tu piel el cuidado que se merece! <strong>Reserva hoy tu limpieza facial<\/strong> y disfruta de un cutis fresco y rejuvenecido que te har\u00e1 sentir segura y radiante.<\/p>\n","protected":false},"excerpt":{"rendered":"<h1>Limpieza Facial en Playa del Ingl\u00e9s<\/h1>\n","protected":false},"featured_media":253,"template":"","meta":{"_uag_custom_page_level_css":"","site-sidebar-layout":"default","site-content-layout":"","ast-site-content-layout":"default","site-content-style":"default","site-sidebar-style":"default","ast-global-header-display":"","ast-banner-title-visibility":"","ast-main-header-display":"","ast-hfb-above-header-display":"","ast-hfb-below-header-display":"","ast-hfb-mobile-header-display":"","site-post-title":"","ast-breadcrumbs-content":"","ast-featured-img":"","footer-sml-layout":"","ast-disable-related-posts":"","theme-transparent-header-meta":"default","adv-header-id-meta":"","stick-header-meta":"","header-above-stick-meta":"","header-main-stick-meta":"","header-below-stick-meta":"","astra-migrate-meta-layouts":"default","ast-page-background-enabled":"default","ast-page-background-meta":{"desktop":{"background-color":"var(--ast-global-color-4)","background-image":"","background-repeat":"repeat","background-position":"center center","background-size":"auto","background-attachment":"scroll","background-type":"","background-media":"","overlay-type":"","overlay-color":"","overlay-opacity":"","overlay-gradient":""},"tablet":{"background-color":"","background-image":"","background-repeat":"repeat","background-position":"center center","background-size":"auto","background-attachment":"scroll","background-type":"","background-media":"","overlay-type":"","overlay-color":"","overlay-opacity":"","overlay-gradient":""},"mobile":{"background-color":"","background-image":"","background-repeat":"repeat","background-position":"center center","background-size":"auto","background-attachment":"scroll","background-type":"","background-media":"","overlay-type":"","overlay-color":"","overlay-opacity":"","overlay-gradient":""}},"ast-content-background-meta":{"desktop":{"background-color":"var(--ast-global-color-5)","background-image":"","background-repeat":"repeat","background-position":"center center","background-size":"auto","background-attachment":"scroll","background-type":"","background-media":"","overlay-type":"","overlay-color":"","overlay-opacity":"","overlay-gradient":""},"tablet":{"background-color":"var(--ast-global-color-5)","background-image":"","background-repeat":"repeat","background-position":"center center","background-size":"auto","background-attachment":"scroll","background-type":"","background-media":"","overlay-type":"","overlay-color":"","overlay-opacity":"","overlay-gradient":""},"mobile":{"background-color":"var(--ast-global-color-5)","background-image":"","background-repeat":"repeat","background-position":"center center","background-size":"auto","background-attachment":"scroll","background-type":"","background-media":"","overlay-type":"","overlay-color":"","overlay-opacity":"","overlay-gradient":""}},"_joinchat":[]},"product_brand":[],"product_cat":[37],"product_tag":[],"class_list":{"0":"post-284","1":"product","2":"type-product","3":"status-publish","4":"has-post-thumbnail","6":"product_cat-tratamientos","7":"desktop-align-center","8":"tablet-align-left","9":"mobile-align-left","11":"first","12":"instock","13":"shipping-taxable","14":"purchasable","15":"product-type-simple"},"uagb_featured_image_src":{"full":["https:\/\/namastecenter.es\/wp-content\/uploads\/2024\/09\/facial-cleasing-playa-del-ingles.webp",1067,591,false],"thumbnail":["https:\/\/namastecenter.es\/wp-content\/uploads\/2024\/09\/facial-cleasing-playa-del-ingles-150x150.webp",150,150,true],"medium":["https:\/\/namastecenter.es\/wp-content\/uploads\/2024\/09\/facial-cleasing-playa-del-ingles-300x166.webp",300,166,true],"medium_large":["https:\/\/namastecenter.es\/wp-content\/uploads\/2024\/09\/facial-cleasing-playa-del-ingles-768x425.webp",768,425,true],"large":["https:\/\/namastecenter.es\/wp-content\/uploads\/2024\/09\/facial-cleasing-playa-del-ingles-1024x567.webp",1024,567,true],"1536x1536":["https:\/\/namastecenter.es\/wp-content\/uploads\/2024\/09\/facial-cleasing-playa-del-ingles.webp",1067,591,false],"2048x2048":["https:\/\/namastecenter.es\/wp-content\/uploads\/2024\/09\/facial-cleasing-playa-del-ingles.webp",1067,591,false],"mailpoet_newsletter_max":["https:\/\/namastecenter.es\/wp-content\/uploads\/2024\/09\/facial-cleasing-playa-del-ingles.webp",1067,591,false],"woocommerce_thumbnail":["https:\/\/namastecenter.es\/wp-content\/uploads\/2024\/09\/facial-cleasing-playa-del-ingles-300x300.webp",300,300,true],"woocommerce_single":["https:\/\/namastecenter.es\/wp-content\/uploads\/2024\/09\/facial-cleasing-playa-del-ingles-600x332.webp",600,332,true],"woocommerce_gallery_thumbnail":["https:\/\/namastecenter.es\/wp-content\/uploads\/2024\/09\/facial-cleasing-playa-del-ingles-100x100.webp",100,100,true]},"uagb_author_info":{"display_name":"admin","author_link":"https:\/\/namastecenter.es\/es\/author\/"},"uagb_comment_info":0,"uagb_excerpt":"Limpieza Facial en Playa del Ingl\u00e9s","_links":{"self":[{"href":"https:\/\/namastecenter.es\/es\/wp-json\/wp\/v2\/product\/284","targetHints":{"allow":["GET"]}}],"collection":[{"href":"https:\/\/namastecenter.es\/es\/wp-json\/wp\/v2\/product"}],"about":[{"href":"https:\/\/namastecenter.es\/es\/wp-json\/wp\/v2\/types\/product"}],"wp:featuredmedia":[{"embeddable":true,"href":"https:\/\/namastecenter.es\/es\/wp-json\/wp\/v2\/media\/253"}],"wp:attachment":[{"href":"https:\/\/namastecenter.es\/es\/wp-json\/wp\/v2\/media?parent=284"}],"wp:term":[{"taxonomy":"product_brand","embeddable":true,"href":"https:\/\/namastecenter.es\/es\/wp-json\/wp\/v2\/product_brand?post=284"},{"taxonomy":"product_cat","embeddable":true,"href":"https:\/\/namastecenter.es\/es\/wp-json\/wp\/v2\/product_cat?post=284"},{"taxonomy":"product_tag","embeddable":true,"href":"https:\/\/namastecenter.es\/es\/wp-json\/wp\/v2\/product_tag?post=284"}],"curies":[{"name":"wp","href":"https:\/\/api.w.org\/{rel}","templated":true}]}}