{"id":283,"date":"2024-09-30T06:13:44","date_gmt":"2024-09-30T06:13:44","guid":{"rendered":"https:\/\/namastecenter.es\/playa-del-ingles\/sin categor\u00eda\/masaje-relajante\/"},"modified":"2024-09-30T06:13:44","modified_gmt":"2024-09-30T06:13:44","slug":"masaje-relajante","status":"publish","type":"product","link":"https:\/\/namastecenter.es\/es\/playa-del-ingles\/masajes\/masaje-relajante\/","title":{"rendered":"Masaje relajante"},"content":{"rendered":"<h1>Masaje Relajante en Playa del Ingl\u00e9s: La experiencia definitiva para tu cuerpo y tu mente<\/h1>\n<p>  \u00bfBuscas desconectar y regalarte un <strong>masaje relajante<\/strong> en <strong>Playa del Ingl\u00e9s<\/strong>?<br \/>\nTanto si buscas aliviarte del estr\u00e9s como si simplemente quieres disfrutar de un momento de paz y tranquilidad, un masaje relajante profesional puede ser justo lo que necesitas.<br \/>\nNuestro centro de masajes te ofrece la escapada perfecta, donde podr\u00e1s disfrutar de un ambiente sereno y salir sinti\u00e9ndote rejuvenecido.    <\/p>\n<h2>\u00bfQu\u00e9 es un masaje relajante?<\/h2>\n<p>  Un <strong>masaje relajante<\/strong> est\u00e1 dise\u00f1ado para aliviar el estr\u00e9s, la tensi\u00f3n y la fatiga de tu cuerpo y mente.<br \/>\nMediante movimientos lentos, suaves y delicados, este tipo de masaje favorece la relajaci\u00f3n profunda y ayuda a mejorar tu bienestar general.<br \/>\nEs ideal para cualquiera que busque <strong>desestresarse<\/strong>, reducir la tensi\u00f3n muscular o simplemente disfrutar de una experiencia tranquila y apacible.<br \/>\nEn nuestro centro de Playa del Ingl\u00e9s, nos centramos en proporcionar un <strong>masaje relajante personalizado<\/strong> adaptado a tus necesidades espec\u00edficas.<br \/>\nTanto si quieres desconectar tras un d\u00eda ajetreado como si quieres darte unos merecidos mimos, estamos aqu\u00ed para asegurarnos de que te sientas completamente a gusto.      <\/p>\n<h2>Beneficios de un masaje relajante<\/h2>\n<p>  Un <strong>masaje relajante<\/strong> ofrece numerosos beneficios tanto para el cuerpo como para la mente.<br \/>\nAlgunas de las principales ventajas son   <\/p>\n<ul>\n<li><strong>Reduce el estr\u00e9s<\/strong> y la ansiedad, favoreciendo la claridad mental y la calma.<\/li>\n<li><strong>Alivia la tensi\u00f3n<\/strong> y la rigidez <strong>muscular<\/strong>, ayudando a aliviar las molestias f\u00edsicas.<\/li>\n<li>Mejora la circulaci\u00f3n sangu\u00ednea, lo que puede conducir a una mejor salud general.<\/li>\n<li><strong>Mejora la calidad del sue\u00f1o<\/strong>, permitiendo una noche m\u00e1s profunda y reparadora.<\/li>\n<li>Proporciona una v\u00eda de escape tranquila de las presiones diarias, ayudando a <strong>restablecer el equilibrio<\/strong> en tu vida.<\/li>\n<\/ul>\n<p>  Muchos de nuestros clientes han descubierto que un <strong>masaje<\/strong> relajante les ayuda a recargar las pilas y volver a centrarse, dej\u00e1ndoles una sensaci\u00f3n de frescor y energ\u00eda renovada.<br \/>\nTanto si buscas liberar tensiones f\u00edsicas como despejar la mente, nuestros <strong>tratamientos de masaje relajante<\/strong> pueden ayudarte a alcanzar el equilibrio que necesitas.   <\/p>\n<h2>\u00bfPor qu\u00e9 elegir nuestro centro de masajes relajantes en Playa del Ingl\u00e9s?<\/h2>\n<p>  Nuestro centro de <strong>Playa del<\/strong> Ingl\u00e9s es conocido por ofrecer una <strong>experiencia de masaje relajante de alta calidad<\/strong> centrada en la atenci\u00f3n individual.<br \/>\nCreemos que cada cliente merece un momento para relajarse y desconectar en un entorno tranquilo y acogedor.<br \/>\nDesde el momento en que cruzas nuestras puertas, nuestro equipo altamente cualificado se dedica a garantizar que tu experiencia de masaje sea todo lo que necesitas para sentirte completamente rejuvenecido.<br \/>\nUtilizamos una combinaci\u00f3n de <strong>t\u00e9cnicas de masaje terap\u00e9utico<\/strong>, aceites esenciales relajantes e iluminaci\u00f3n tenue para crear el <strong>entorno de relajaci\u00f3n<\/strong> definitivo.<br \/>\nCada masaje se adapta a tus necesidades, tanto si buscas relajaci\u00f3n en todo el cuerpo como si te centras en zonas concretas de tensi\u00f3n.      <\/p>\n<h2>\u00bfQui\u00e9n puede beneficiarse de un masaje relajante?<\/h2>\n<p>  Un <strong>masaje relajante<\/strong> es adecuado para cualquiera que desee mejorar su bienestar mental y f\u00edsico.<br \/>\nEs especialmente beneficioso para las personas que:   <\/p>\n<ul>\n<li><strong>Experimentas estr\u00e9s<\/strong> o ansiedad y necesitas tiempo para desconectar.<\/li>\n<li>Sufres <strong>rigidez<\/strong> o tensi\u00f3n <strong>muscular<\/strong> en el cuello, los hombros o la espalda.<\/li>\n<li>Quieren mejorar <strong>la calidad de<\/strong> su <strong>sue\u00f1o<\/strong> y su relajaci\u00f3n general.<\/li>\n<li>Buscan un descanso de sus apretadas agendas para centrarse en el autocuidado.<\/li>\n<li>Disfruta de los efectos calmantes y relajantes de <strong>la terapia de masaje<\/strong>.<\/li>\n<\/ul>\n<p>  Nuestro centro ofrece la escapada perfecta para quien busque desconectar y disfrutar de una <strong>experiencia profundamente relajante<\/strong> en el coraz\u00f3n de Playa del Ingl\u00e9s.  <\/p>\n<h2>Reserva tu masaje relajante<\/h2>\n<p>  Entendemos que tu tiempo es valioso, por eso te facilitamos la reserva de tu sesi\u00f3n <strong>de masaje relajante<\/strong>.<br \/>\nS\u00f3lo tienes que visitar nuestro sitio web o llamarnos para concertar tu cita a la hora que m\u00e1s te convenga.<br \/>\nOfrecemos <strong>opciones de reserva flexibles<\/strong> que se adaptan a tu horario, para que puedas disfrutar del masaje sin prisas.<br \/>\nEn nuestro centro, nos comprometemos a proporcionarte una <strong>experiencia de masaje relajante<\/strong> que satisfaga tus necesidades y te deje completamente tranquilo.<br \/>\nDesde el momento en que llegas, nuestro objetivo es ayudarte a desconectar del estr\u00e9s de la vida cotidiana y abrazar un momento de calma.      <\/p>\n<h2>Conclusi\u00f3n<\/h2>\n<p>  Si buscas la forma definitiva de desconectar y relajarte, un <strong>masaje relajante<\/strong> en <strong>Playa del<\/strong> Ingl\u00e9s es la soluci\u00f3n perfecta.<br \/>\nCon su capacidad para reducir el estr\u00e9s, aliviar la tensi\u00f3n muscular y promover el bienestar general, un masaje relajante puede ayudarte a sentirte renovado y rejuvenecido.<br \/>\nNo esperes m\u00e1s, reserva<strong>tu masaje relajante<\/strong> hoy mismo y descubre por qu\u00e9 tanta gente conf\u00eda en nosotros para disfrutar de la mejor experiencia de masaje en Playa del Ingl\u00e9s.<br \/>\nDeja que te ayudemos a encontrar la paz, la relajaci\u00f3n y un renovado sentido del equilibrio.   <\/p>\n","protected":false},"excerpt":{"rendered":"<h1>Masaje Relajante en Playa del Ingl\u00e9s<\/h1>\n","protected":false},"featured_media":211,"template":"","meta":{"_uag_custom_page_level_css":"","site-sidebar-layout":"default","site-content-layout":"","ast-site-content-layout":"default","site-content-style":"default","site-sidebar-style":"default","ast-global-header-display":"","ast-banner-title-visibility":"","ast-main-header-display":"","ast-hfb-above-header-display":"","ast-hfb-below-header-display":"","ast-hfb-mobile-header-display":"","site-post-title":"","ast-breadcrumbs-content":"","ast-featured-img":"","footer-sml-layout":"","ast-disable-related-posts":"","theme-transparent-header-meta":"default","adv-header-id-meta":"","stick-header-meta":"","header-above-stick-meta":"","header-main-stick-meta":"","header-below-stick-meta":"","astra-migrate-meta-layouts":"default","ast-page-background-enabled":"default","ast-page-background-meta":{"desktop":{"background-color":"var(--ast-global-color-4)","background-image":"","background-repeat":"repeat","background-position":"center center","background-size":"auto","background-attachment":"scroll","background-type":"","background-media":"","overlay-type":"","overlay-color":"","overlay-opacity":"","overlay-gradient":""},"tablet":{"background-color":"","background-image":"","background-repeat":"repeat","background-position":"center center","background-size":"auto","background-attachment":"scroll","background-type":"","background-media":"","overlay-type":"","overlay-color":"","overlay-opacity":"","overlay-gradient":""},"mobile":{"background-color":"","background-image":"","background-repeat":"repeat","background-position":"center center","background-size":"auto","background-attachment":"scroll","background-type":"","background-media":"","overlay-type":"","overlay-color":"","overlay-opacity":"","overlay-gradient":""}},"ast-content-background-meta":{"desktop":{"background-color":"var(--ast-global-color-5)","background-image":"","background-repeat":"repeat","background-position":"center center","background-size":"auto","background-attachment":"scroll","background-type":"","background-media":"","overlay-type":"","overlay-color":"","overlay-opacity":"","overlay-gradient":""},"tablet":{"background-color":"var(--ast-global-color-5)","background-image":"","background-repeat":"repeat","background-position":"center center","background-size":"auto","background-attachment":"scroll","background-type":"","background-media":"","overlay-type":"","overlay-color":"","overlay-opacity":"","overlay-gradient":""},"mobile":{"background-color":"var(--ast-global-color-5)","background-image":"","background-repeat":"repeat","background-position":"center center","background-size":"auto","background-attachment":"scroll","background-type":"","background-media":"","overlay-type":"","overlay-color":"","overlay-opacity":"","overlay-gradient":""}},"_joinchat":[]},"product_brand":[],"product_cat":[39],"product_tag":[],"class_list":{"0":"post-283","1":"product","2":"type-product","3":"status-publish","4":"has-post-thumbnail","6":"product_cat-masajes","7":"desktop-align-center","8":"tablet-align-left","9":"mobile-align-left","11":"first","12":"instock","13":"shipping-taxable","14":"product-type-simple"},"uagb_featured_image_src":{"full":["https:\/\/namastecenter.es\/wp-content\/uploads\/2024\/09\/relaxing-massage-playa-del-ingles-01.webp",713,476,false],"thumbnail":["https:\/\/namastecenter.es\/wp-content\/uploads\/2024\/09\/relaxing-massage-playa-del-ingles-01-150x150.webp",150,150,true],"medium":["https:\/\/namastecenter.es\/wp-content\/uploads\/2024\/09\/relaxing-massage-playa-del-ingles-01-300x200.webp",300,200,true],"medium_large":["https:\/\/namastecenter.es\/wp-content\/uploads\/2024\/09\/relaxing-massage-playa-del-ingles-01.webp",713,476,false],"large":["https:\/\/namastecenter.es\/wp-content\/uploads\/2024\/09\/relaxing-massage-playa-del-ingles-01.webp",713,476,false],"1536x1536":["https:\/\/namastecenter.es\/wp-content\/uploads\/2024\/09\/relaxing-massage-playa-del-ingles-01.webp",713,476,false],"2048x2048":["https:\/\/namastecenter.es\/wp-content\/uploads\/2024\/09\/relaxing-massage-playa-del-ingles-01.webp",713,476,false],"mailpoet_newsletter_max":["https:\/\/namastecenter.es\/wp-content\/uploads\/2024\/09\/relaxing-massage-playa-del-ingles-01.webp",713,476,false],"woocommerce_thumbnail":["https:\/\/namastecenter.es\/wp-content\/uploads\/2024\/09\/relaxing-massage-playa-del-ingles-01-300x300.webp",300,300,true],"woocommerce_single":["https:\/\/namastecenter.es\/wp-content\/uploads\/2024\/09\/relaxing-massage-playa-del-ingles-01-600x401.webp",600,401,true],"woocommerce_gallery_thumbnail":["https:\/\/namastecenter.es\/wp-content\/uploads\/2024\/09\/relaxing-massage-playa-del-ingles-01-100x100.webp",100,100,true]},"uagb_author_info":{"display_name":"admin","author_link":"https:\/\/namastecenter.es\/es\/author\/"},"uagb_comment_info":0,"uagb_excerpt":"Masaje Relajante en Playa del Ingl\u00e9s","_links":{"self":[{"href":"https:\/\/namastecenter.es\/es\/wp-json\/wp\/v2\/product\/283","targetHints":{"allow":["GET"]}}],"collection":[{"href":"https:\/\/namastecenter.es\/es\/wp-json\/wp\/v2\/product"}],"about":[{"href":"https:\/\/namastecenter.es\/es\/wp-json\/wp\/v2\/types\/product"}],"wp:featuredmedia":[{"embeddable":true,"href":"https:\/\/namastecenter.es\/es\/wp-json\/wp\/v2\/media\/211"}],"wp:attachment":[{"href":"https:\/\/namastecenter.es\/es\/wp-json\/wp\/v2\/media?parent=283"}],"wp:term":[{"taxonomy":"product_brand","embeddable":true,"href":"https:\/\/namastecenter.es\/es\/wp-json\/wp\/v2\/product_brand?post=283"},{"taxonomy":"product_cat","embeddable":true,"href":"https:\/\/namastecenter.es\/es\/wp-json\/wp\/v2\/product_cat?post=283"},{"taxonomy":"product_tag","embeddable":true,"href":"https:\/\/namastecenter.es\/es\/wp-json\/wp\/v2\/product_tag?post=283"}],"curies":[{"name":"wp","href":"https:\/\/api.w.org\/{rel}","templated":true}]}}