{"id":278,"date":"2024-09-27T13:22:29","date_gmt":"2024-09-27T13:22:29","guid":{"rendered":"https:\/\/namastecenter.es\/playa-del-ingles\/sin categor\u00eda\/depilacion\/"},"modified":"2026-04-29T02:15:15","modified_gmt":"2026-04-29T02:15:15","slug":"depilacion","status":"publish","type":"product","link":"https:\/\/namastecenter.es\/es\/playa-del-ingles\/estetica\/depilacion\/","title":{"rendered":"Depilaci\u00f3n"},"content":{"rendered":"<h1>Experimenta un Servicio de Depilaci\u00f3n Inigualable en Playa del Ingl\u00e9s: Depilaci\u00f3n Suave y Duradera<\/h1>\n<p>  Si buscas una soluci\u00f3n de depilaci\u00f3n r\u00e1pida, eficaz y duradera, la <strong>depilaci\u00f3n<\/strong> profesional es la opci\u00f3n perfecta.<br \/>\nEn nuestro sal\u00f3n de <strong>Playa del<\/strong> Ingl\u00e9s, ofrecemos una gama de <strong>servicios de depilaci\u00f3n<\/strong> dise\u00f1ados para dejar tu piel suave y sin vello durante semanas.<br \/>\nTanto si te est\u00e1s preparando para unas vacaciones en la playa, un evento o simplemente quieres disfrutar de la sensaci\u00f3n de una piel suave, nuestro experimentado equipo te ofrece una atenci\u00f3n experta para todas tus necesidades de depilaci\u00f3n.    <\/p>\n<h2>\u00bfQu\u00e9 es la depilaci\u00f3n?<\/h2>\n<p><strong>La depilaci\u00f3n con cera<\/strong> es un m\u00e9todo popular de depilaci\u00f3n que consiste en aplicar una cera caliente o fr\u00eda sobre la piel y luego retirarla r\u00e1pidamente, arrancando de ra\u00edz el vello no deseado.<br \/>\nA diferencia del afeitado, que s\u00f3lo corta el vello en la superficie, <strong>la depilaci\u00f3n con cera<\/strong> elimina el vello desde el fol\u00edculo, lo que produce una suavidad m\u00e1s duradera y un rebrote m\u00e1s fino con el tiempo.<br \/>\nEn nuestro sal\u00f3n de <strong>Playa del<\/strong> Ingl\u00e9s, ofrecemos <strong>tratamientos<\/strong> profesionales <strong>de depilaci\u00f3n con cera<\/strong> para distintas zonas del cuerpo, como las piernas, los brazos, la zona del bikini, la cara y mucho m\u00e1s.<br \/>\nNuestros t\u00e9cnicos cualificados utilizan cera de alta calidad para garantizar una experiencia de depilaci\u00f3n c\u00f3moda y eficaz.     <\/p>\n<h2>Beneficios de la depilaci\u00f3n<\/h2>\n<p><strong>La depilaci\u00f3n con cera<\/strong> ofrece varias<br \/>\n<strong>ventajas<\/strong> en comparaci\u00f3n con otros m\u00e9todos de depilaci\u00f3n como el afeitado o las cremas depilatorias:   <\/p>\n<ul>\n<li><strong>Resultados duraderos<\/strong>: El vello tarda m\u00e1s en volver a crecer despu\u00e9s de la depilaci\u00f3n, normalmente se mantiene alejado entre 3 y 6 semanas.<\/li>\n<li><strong>Crecimiento m\u00e1s fino<\/strong>: Con el tiempo, la depilaci\u00f3n regular puede hacer que el vello vuelva a crecer m\u00e1s fino y escaso.<\/li>\n<li><strong>Exfoliaci\u00f3n<\/strong>: La depilaci\u00f3n elimina las c\u00e9lulas muertas de la piel junto con el vello, dejando tu piel m\u00e1s lisa y suave.<\/li>\n<li><strong>Sin rasgu\u00f1os ni cortes<\/strong>: A diferencia del afeitado, la depilaci\u00f3n con cera no provoca quemaduras de la cuchilla, mellas ni cortes.<\/li>\n<li><strong>Crecimiento m\u00e1s lento<\/strong>: Como el vello se elimina de ra\u00edz, vuelve a crecer m\u00e1s lentamente que tras el afeitado.<\/li>\n<\/ul>\n<p>  Con la <strong>depilaci\u00f3n<\/strong> profesional, disfrutar\u00e1s de <strong>una piel suave<\/strong> durante mucho m\u00e1s tiempo, por lo que es una opci\u00f3n ideal para quienes desean un aspecto limpio y pulido sin las molestias del afeitado diario.  <\/p>\n<h2>\u00bfPor qu\u00e9 elegir nuestros servicios de depilaci\u00f3n en Playa del Ingl\u00e9s?<\/h2>\n<p>  En nuestro sal\u00f3n de <strong>Playa del<\/strong> Ingl\u00e9s, nos enorgullecemos de ofrecer <strong>servicios de depilaci\u00f3n de alta calidad<\/strong>, eficaces, suaves y adaptados a tus necesidades.<br \/>\nNuestros t\u00e9cnicos cualificados se aseguran de que cada tratamiento sea r\u00e1pido, higi\u00e9nico y lo menos doloroso posible.<br \/>\nTanto si es la primera vez que te depilas como si eres una clienta habitual, nos aseguramos de que cada visita sea c\u00f3moda y deje tu piel con el mejor aspecto y las mejores sensaciones.<br \/>\nUtilizamos cera suave de primera calidad, apta para todo tipo de pieles, incluidas las sensibles, que garantiza un acabado suave con una irritaci\u00f3n m\u00ednima.<br \/>\nNuestro sal\u00f3n sigue estrictas normas de higiene, proporcionando un entorno limpio y acogedor para todos tus <strong>tratamientos de depilaci\u00f3n<\/strong>.      <\/p>\n<h2>Tipos de servicios de depilaci\u00f3n que ofrecemos<\/h2>\n<p>  Ofrecemos una variedad de<br \/>\n<strong>tratamientos de depilaci\u00f3n<\/strong> que se adaptan a tus necesidades, desde la depilaci\u00f3n de todo el cuerpo hasta la de zonas concretas:   <\/p>\n<ul>\n<li><strong>Depilaci\u00f3n de piernas<\/strong>: Desde la depilaci\u00f3n de pierna entera a la de media pierna, proporcionamos unas piernas suaves y sin vello que duran semanas.<\/li>\n<li><strong>Depilaci\u00f3n del bikini<\/strong>: Elige entre la <strong>depilaci\u00f3n cl\u00e1sica del bikini<\/strong>, la depilaci\u00f3n <strong>brasile\u00f1a<\/strong> o la depilaci\u00f3n <strong>Hollywood<\/strong>, seg\u00fan la cantidad de vello que quieras eliminar.<\/li>\n<li><strong>Depilaci\u00f3n de brazos<\/strong>: Depilaci\u00f3n de brazos completos o medios brazos para unos brazos suaves y sin vello.<\/li>\n<li><strong>Depilaci\u00f3n facial<\/strong>: Ofrecemos <strong>depilaci\u00f3n de cejas<\/strong>, <strong>de<\/strong> <strong>labios<\/strong>, <strong>de barbilla<\/strong> y <strong>de toda la cara<\/strong> para una depilaci\u00f3n precisa y suave en zonas delicadas.<\/li>\n<li><strong>Depilaci\u00f3n de axilas<\/strong>: Un tratamiento r\u00e1pido y eficaz para unas axilas suaves sin las molestias del afeitado diario.<\/li>\n<li><strong>Depilaci\u00f3n de Espalda y Pecho<\/strong>: Ideal para hombres y mujeres que desean una parte superior del cuerpo limpia y lisa.<\/li>\n<\/ul>\n<p>  Sean cuales sean tus <strong>necesidades de depilaci\u00f3n<\/strong>, nuestro equipo est\u00e1 aqu\u00ed para ofrecerte un servicio profesional que deje tu piel suave y libre del vello no deseado.  <\/p>\n<h2>\u00bfQui\u00e9n puede beneficiarse de la depilaci\u00f3n?<\/h2>\n<p><strong>La depilaci\u00f3n con cera<\/strong> es una gran soluci\u00f3n de depilaci\u00f3n para cualquiera que busque <strong>una suavidad duradera<\/strong>.<br \/>\nEs especialmente beneficiosa para:   <\/p>\n<ul>\n<li><strong>Personas con vello grueso o de crecimiento r\u00e1pido<\/strong>: La depilaci\u00f3n con cera elimina el vello desde la ra\u00edz, por lo que es una gran opci\u00f3n para quienes tienen el vello m\u00e1s grueso.<\/li>\n<li><strong>Los cansados del afeitado<\/strong>: Si buscas un m\u00e9todo de depilaci\u00f3n que dure m\u00e1s que el afeitado, la depilaci\u00f3n con cera es la opci\u00f3n ideal.<\/li>\n<li><strong>Playeros y veraneantes<\/strong>: \u00bfPrepar\u00e1ndote para la playa? <strong>La depilaci\u00f3n<\/strong> garantiza que tu piel se mantenga suave y sin vello durante tus vacaciones.<\/li>\n<li><strong>Personas con piel sensible<\/strong>: Nuestro sal\u00f3n utiliza ceras suaves adecuadas para las personas con piel sensible, que minimizan la irritaci\u00f3n y el enrojecimiento.<\/li>\n<\/ul>\n<p>  Tanto si quieres mantener una piel suave como si te est\u00e1s preparando para una ocasi\u00f3n especial, <strong>la depilaci\u00f3n<\/strong> profesional es la soluci\u00f3n perfecta para conseguir una piel sedosa y sin vello.  <\/p>\n<h2>Reserva tu cita para la depilaci\u00f3n<\/h2>\n<p>  Te lo ponemos f\u00e1cil para <strong>reservar tu cita de depilaci\u00f3n<\/strong> en nuestro sal\u00f3n de <strong>Playa del<\/strong> Ingl\u00e9s.<br \/>\nPuedes programar tu sesi\u00f3n online o llam\u00e1ndonos, y ofrecemos <strong>horarios de reserva flexibles<\/strong> para adaptarnos a tu agenda.<br \/>\nTanto si vienes para un retoque r\u00e1pido como para depilarte todo el cuerpo, nuestro equipo est\u00e1 aqu\u00ed para ofrecerte un servicio excelente y resultados duraderos.<br \/>\nNuestro sal\u00f3n se dedica a proporcionar un entorno seguro, higi\u00e9nico y relajante a todos nuestros <strong>clientes que se depilan con cera<\/strong>, asegur\u00e1ndose de que salgas sinti\u00e9ndote segura y suave.     <\/p>\n<h2>Conclusi\u00f3n<\/h2>\n<p>  Si buscas una soluci\u00f3n de depilaci\u00f3n eficaz y duradera, la <strong>depilaci\u00f3n con cera<\/strong> es el camino a seguir.<br \/>\nEn nuestro sal\u00f3n de <strong>Playa del<\/strong> Ingl\u00e9s, ofrecemos una gama completa de <strong>servicios de depilaci\u00f3n con cera<\/strong> para ayudarte a conseguir una piel suave y bonita que dure semanas.<br \/>\nTanto si buscas depilarte las piernas, el bikini o eliminar el vello facial, nuestro equipo de expertos est\u00e1 aqu\u00ed para proporcionarte el cuidado y la precisi\u00f3n que necesitas. <strong>Reserva<\/strong> hoy mismo <strong>tu cita para depilarte<\/strong> y disfruta de la confianza de una piel suave como la seda sin las molestias del afeitado diario.  <\/p>\n","protected":false},"excerpt":{"rendered":"<h1>Depilaci\u00f3n en Playa del Ingl\u00e9s<\/h1>\n<h2>Experimenta un servicio de depilaci\u00f3n inigualable en Playa del Ingl\u00e9s<\/h2>\n","protected":false},"featured_media":115,"template":"","meta":{"_uag_custom_page_level_css":"","site-sidebar-layout":"default","site-content-layout":"","ast-site-content-layout":"default","site-content-style":"default","site-sidebar-style":"default","ast-global-header-display":"","ast-banner-title-visibility":"","ast-main-header-display":"","ast-hfb-above-header-display":"","ast-hfb-below-header-display":"","ast-hfb-mobile-header-display":"","site-post-title":"","ast-breadcrumbs-content":"","ast-featured-img":"","footer-sml-layout":"","ast-disable-related-posts":"","theme-transparent-header-meta":"default","adv-header-id-meta":"","stick-header-meta":"","header-above-stick-meta":"","header-main-stick-meta":"","header-below-stick-meta":"","astra-migrate-meta-layouts":"default","ast-page-background-enabled":"default","ast-page-background-meta":{"desktop":{"background-color":"var(--ast-global-color-4)","background-image":"","background-repeat":"repeat","background-position":"center center","background-size":"auto","background-attachment":"scroll","background-type":"","background-media":"","overlay-type":"","overlay-color":"","overlay-opacity":"","overlay-gradient":""},"tablet":{"background-color":"","background-image":"","background-repeat":"repeat","background-position":"center center","background-size":"auto","background-attachment":"scroll","background-type":"","background-media":"","overlay-type":"","overlay-color":"","overlay-opacity":"","overlay-gradient":""},"mobile":{"background-color":"","background-image":"","background-repeat":"repeat","background-position":"center center","background-size":"auto","background-attachment":"scroll","background-type":"","background-media":"","overlay-type":"","overlay-color":"","overlay-opacity":"","overlay-gradient":""}},"ast-content-background-meta":{"desktop":{"background-color":"var(--ast-global-color-5)","background-image":"","background-repeat":"repeat","background-position":"center center","background-size":"auto","background-attachment":"scroll","background-type":"","background-media":"","overlay-type":"","overlay-color":"","overlay-opacity":"","overlay-gradient":""},"tablet":{"background-color":"var(--ast-global-color-5)","background-image":"","background-repeat":"repeat","background-position":"center center","background-size":"auto","background-attachment":"scroll","background-type":"","background-media":"","overlay-type":"","overlay-color":"","overlay-opacity":"","overlay-gradient":""},"mobile":{"background-color":"var(--ast-global-color-5)","background-image":"","background-repeat":"repeat","background-position":"center center","background-size":"auto","background-attachment":"scroll","background-type":"","background-media":"","overlay-type":"","overlay-color":"","overlay-opacity":"","overlay-gradient":""}},"_joinchat":[]},"product_brand":[],"product_cat":[41],"product_tag":[38],"class_list":{"0":"post-278","1":"product","2":"type-product","3":"status-publish","4":"has-post-thumbnail","6":"product_cat-estetica","7":"product_tag-tratamientos","8":"desktop-align-center","9":"tablet-align-left","10":"mobile-align-left","12":"first","13":"instock","14":"shipping-taxable","15":"product-type-external"},"uagb_featured_image_src":{"full":["https:\/\/namastecenter.es\/wp-content\/uploads\/2024\/09\/waxing.jpg",612,395,false],"thumbnail":["https:\/\/namastecenter.es\/wp-content\/uploads\/2024\/09\/waxing-150x150.jpg",150,150,true],"medium":["https:\/\/namastecenter.es\/wp-content\/uploads\/2024\/09\/waxing-300x194.jpg",300,194,true],"medium_large":["https:\/\/namastecenter.es\/wp-content\/uploads\/2024\/09\/waxing.jpg",612,395,false],"large":["https:\/\/namastecenter.es\/wp-content\/uploads\/2024\/09\/waxing.jpg",612,395,false],"1536x1536":["https:\/\/namastecenter.es\/wp-content\/uploads\/2024\/09\/waxing.jpg",612,395,false],"2048x2048":["https:\/\/namastecenter.es\/wp-content\/uploads\/2024\/09\/waxing.jpg",612,395,false],"mailpoet_newsletter_max":["https:\/\/namastecenter.es\/wp-content\/uploads\/2024\/09\/waxing.jpg",612,395,false],"woocommerce_thumbnail":["https:\/\/namastecenter.es\/wp-content\/uploads\/2024\/09\/waxing-300x300.jpg",300,300,true],"woocommerce_single":["https:\/\/namastecenter.es\/wp-content\/uploads\/2024\/09\/waxing-600x387.jpg",600,387,true],"woocommerce_gallery_thumbnail":["https:\/\/namastecenter.es\/wp-content\/uploads\/2024\/09\/waxing-100x100.jpg",100,100,true]},"uagb_author_info":{"display_name":"admin","author_link":"https:\/\/namastecenter.es\/es\/author\/"},"uagb_comment_info":0,"uagb_excerpt":"Depilaci\u00f3n en Playa del Ingl\u00e9s Experimenta un servicio de depilaci\u00f3n inigualable en Playa del Ingl\u00e9s","_links":{"self":[{"href":"https:\/\/namastecenter.es\/es\/wp-json\/wp\/v2\/product\/278","targetHints":{"allow":["GET"]}}],"collection":[{"href":"https:\/\/namastecenter.es\/es\/wp-json\/wp\/v2\/product"}],"about":[{"href":"https:\/\/namastecenter.es\/es\/wp-json\/wp\/v2\/types\/product"}],"wp:featuredmedia":[{"embeddable":true,"href":"https:\/\/namastecenter.es\/es\/wp-json\/wp\/v2\/media\/115"}],"wp:attachment":[{"href":"https:\/\/namastecenter.es\/es\/wp-json\/wp\/v2\/media?parent=278"}],"wp:term":[{"taxonomy":"product_brand","embeddable":true,"href":"https:\/\/namastecenter.es\/es\/wp-json\/wp\/v2\/product_brand?post=278"},{"taxonomy":"product_cat","embeddable":true,"href":"https:\/\/namastecenter.es\/es\/wp-json\/wp\/v2\/product_cat?post=278"},{"taxonomy":"product_tag","embeddable":true,"href":"https:\/\/namastecenter.es\/es\/wp-json\/wp\/v2\/product_tag?post=278"}],"curies":[{"name":"wp","href":"https:\/\/api.w.org\/{rel}","templated":true}]}}