{"id":277,"date":"2024-09-28T10:06:04","date_gmt":"2024-09-28T10:06:04","guid":{"rendered":"https:\/\/namastecenter.es\/playa-del-ingles\/sin%20categor\u00eda\/solarium-en-playa-del-ingles\/"},"modified":"2025-03-09T11:14:27","modified_gmt":"2025-03-09T11:14:27","slug":"solarium-en-playa-del-ingles","status":"publish","type":"product","link":"https:\/\/namastecenter.es\/es\/playa-del-ingles\/solarium-es\/solarium-en-playa-del-ingles\/","title":{"rendered":"Solarium en Playa del Ingl\u00e9s (10 min)"},"content":{"rendered":"<h1>Solarium en Playa del Ingl\u00e9s &#8211; Consigue un brillo bronceado todo el a\u00f1o<\/h1>\n<p>En <strong>el Centro Namast\u00e9<\/strong> de <strong>Playa del<\/strong> Ingl\u00e9s, ofrecemos una experiencia de <strong>solarium<\/strong> de alta calidad dise\u00f1ada para proporcionarte un brillo saludable y bronceado, sin importar la estaci\u00f3n. Tanto si te est\u00e1s preparando para un evento especial, como si quieres mantener un aspecto bronceado o simplemente te encanta el calor de los rayos UV sobre tu piel, nuestras instalaciones de solarium de \u00faltima generaci\u00f3n est\u00e1n aqu\u00ed para satisfacer tus necesidades. <\/p>\n<h2>\u00bfQu\u00e9 es un Solarium?<\/h2>\n<p>Un <strong>sol\u00e1rium<\/strong> es un entorno controlado donde puedes disfrutar de los beneficios de la exposici\u00f3n a los rayos UV en un ambiente seguro y relajante. Nuestras camas sol\u00e1rium est\u00e1n equipadas con tecnolog\u00eda avanzada para garantizar unos resultados \u00f3ptimos de bronceado, al tiempo que se da prioridad a la salud y seguridad de la piel. <\/p>\n<h2>Ventajas de utilizar nuestro Solarium en Playa del Ingl\u00e9s<\/h2>\n<p>Nuestros <strong>tratamientos de solarium<\/strong> proporcionan numerosos beneficios que van m\u00e1s all\u00e1 de conseguir un bonito bronceado. Entre ellos se incluyen: <\/p>\n<ul>\n<li><strong>Bronceado uniforme<\/strong> y natural que dura<\/li>\n<li><strong>Aumenta los niveles de vitamina D<\/strong>, lo que puede mejorar el estado de \u00e1nimo y favorecer la salud inmunitaria<\/li>\n<li><strong>Mejora el aspecto de la piel<\/strong> a\u00f1adi\u00e9ndole un brillo radiante<\/li>\n<li><strong>Prepara tu piel<\/strong> para la exposici\u00f3n al sol antes de las vacaciones<\/li>\n<li>Una soluci\u00f3n perfecta para quienes no pueden tomar suficiente sol durante los meses de invierno<\/li>\n<\/ul>\n<p>Utilizando el sol\u00e1rium del Centro Namast\u00e9, puedes conseguir el bronceado que deseas mientras proteges tu piel con cuidados controlados y profesionales.<\/p>\n<h2>\u00bfPor qu\u00e9 elegir el Centro Namast\u00e9 para tu experiencia en el Solarium?<\/h2>\n<p>Situado en el coraz\u00f3n de <strong>Playa del Ingl\u00e9s<\/strong>, el Centro Namast\u00e9 se dedica a ofrecer un ambiente lujoso, relajante y profesional para todos nuestros tratamientos de bienestar, incluidas las sesiones de solarium. He aqu\u00ed por qu\u00e9 nos eligen nuestros clientes: <\/p>\n<ul>\n<li><strong>Equipamiento de alta gama<\/strong>: Nuestras camas solarium son modernas, est\u00e1n bien mantenidas y han sido dise\u00f1adas para ofrecer seguridad y comodidad.<\/li>\n<li><strong>Sesiones personalizadas<\/strong>: Personalizamos cada sesi\u00f3n en funci\u00f3n de tu tipo de piel y los resultados deseados, garantizando el bronceado perfecto para ti.<\/li>\n<li><strong>Entorno relajante<\/strong>: Disfruta de tu sesi\u00f3n de bronceado en un espacio tranquilo y sereno dise\u00f1ado para tu bienestar.<\/li>\n<\/ul>\n<h2>C\u00f3mo prepararte para tu sesi\u00f3n en el Solarium<\/h2>\n<p>Para obtener los mejores resultados de tu sesi\u00f3n de solarium, aqu\u00ed tienes algunos consejos:<\/p>\n<ul>\n<li><strong>Exfolia tu piel<\/strong> antes de la sesi\u00f3n para eliminar las c\u00e9lulas muertas y garantizar un bronceado uniforme.<\/li>\n<li><strong>Utiliza cremas hidratantes<\/strong> antes y despu\u00e9s de la sesi\u00f3n para mantener la piel hidratada.<\/li>\n<li><strong>Utiliza gafas protectoras<\/strong> para proteger tus ojos de los rayos UV.<\/li>\n<li><strong>Limita el tiempo<\/strong>: Empieza con sesiones m\u00e1s cortas si eres nuevo en los tratamientos de solarium para evitar la sobreexposici\u00f3n.<\/li>\n<\/ul>\n<p>Nuestros profesionales formados te guiar\u00e1n durante todo el proceso, asegur\u00e1ndose de que tu experiencia sea segura y agradable.<\/p>\n<h2>Reserva tu sesi\u00f3n de Solarium en el Centro Namast\u00e9<\/h2>\n<p>\u00bfListo para conseguir un brillo radiante y bronceado? Reserva hoy mismo tu <strong>sesi\u00f3n de solarium<\/strong> en <strong>el Centro Namast\u00e9<\/strong> de <strong>Playa del Ingl\u00e9s<\/strong> y disfruta de una experiencia relajante y rejuvenecedora que te dejar\u00e1 con el mejor aspecto y la mejor sensaci\u00f3n. <\/p>\n","protected":false},"excerpt":{"rendered":"<h1>Solarium en Playa del Ingl\u00e9s<\/h1>\n","protected":false},"featured_media":257,"template":"","meta":{"_uag_custom_page_level_css":"","site-sidebar-layout":"default","site-content-layout":"","ast-site-content-layout":"default","site-content-style":"default","site-sidebar-style":"default","ast-global-header-display":"","ast-banner-title-visibility":"","ast-main-header-display":"","ast-hfb-above-header-display":"","ast-hfb-below-header-display":"","ast-hfb-mobile-header-display":"","site-post-title":"","ast-breadcrumbs-content":"","ast-featured-img":"","footer-sml-layout":"","ast-disable-related-posts":"","theme-transparent-header-meta":"default","adv-header-id-meta":"","stick-header-meta":"","header-above-stick-meta":"","header-main-stick-meta":"","header-below-stick-meta":"","astra-migrate-meta-layouts":"default","ast-page-background-enabled":"default","ast-page-background-meta":{"desktop":{"background-color":"var(--ast-global-color-4)","background-image":"","background-repeat":"repeat","background-position":"center center","background-size":"auto","background-attachment":"scroll","background-type":"","background-media":"","overlay-type":"","overlay-color":"","overlay-opacity":"","overlay-gradient":""},"tablet":{"background-color":"","background-image":"","background-repeat":"repeat","background-position":"center center","background-size":"auto","background-attachment":"scroll","background-type":"","background-media":"","overlay-type":"","overlay-color":"","overlay-opacity":"","overlay-gradient":""},"mobile":{"background-color":"","background-image":"","background-repeat":"repeat","background-position":"center center","background-size":"auto","background-attachment":"scroll","background-type":"","background-media":"","overlay-type":"","overlay-color":"","overlay-opacity":"","overlay-gradient":""}},"ast-content-background-meta":{"desktop":{"background-color":"var(--ast-global-color-5)","background-image":"","background-repeat":"repeat","background-position":"center center","background-size":"auto","background-attachment":"scroll","background-type":"","background-media":"","overlay-type":"","overlay-color":"","overlay-opacity":"","overlay-gradient":""},"tablet":{"background-color":"var(--ast-global-color-5)","background-image":"","background-repeat":"repeat","background-position":"center center","background-size":"auto","background-attachment":"scroll","background-type":"","background-media":"","overlay-type":"","overlay-color":"","overlay-opacity":"","overlay-gradient":""},"mobile":{"background-color":"var(--ast-global-color-5)","background-image":"","background-repeat":"repeat","background-position":"center center","background-size":"auto","background-attachment":"scroll","background-type":"","background-media":"","overlay-type":"","overlay-color":"","overlay-opacity":"","overlay-gradient":""}},"_joinchat":[]},"product_brand":[],"product_cat":[36],"product_tag":[],"class_list":{"0":"post-277","1":"product","2":"type-product","3":"status-publish","4":"has-post-thumbnail","6":"product_cat-solarium-es","7":"desktop-align-center","8":"tablet-align-left","9":"mobile-align-left","11":"first","12":"instock","13":"shipping-taxable","14":"purchasable","15":"product-type-simple"},"uagb_featured_image_src":{"full":["https:\/\/namastecenter.es\/wp-content\/uploads\/2024\/09\/solarium-playa-del-ingles.webp",713,476,false],"thumbnail":["https:\/\/namastecenter.es\/wp-content\/uploads\/2024\/09\/solarium-playa-del-ingles-150x150.webp",150,150,true],"medium":["https:\/\/namastecenter.es\/wp-content\/uploads\/2024\/09\/solarium-playa-del-ingles-300x200.webp",300,200,true],"medium_large":["https:\/\/namastecenter.es\/wp-content\/uploads\/2024\/09\/solarium-playa-del-ingles.webp",713,476,false],"large":["https:\/\/namastecenter.es\/wp-content\/uploads\/2024\/09\/solarium-playa-del-ingles.webp",713,476,false],"1536x1536":["https:\/\/namastecenter.es\/wp-content\/uploads\/2024\/09\/solarium-playa-del-ingles.webp",713,476,false],"2048x2048":["https:\/\/namastecenter.es\/wp-content\/uploads\/2024\/09\/solarium-playa-del-ingles.webp",713,476,false],"mailpoet_newsletter_max":["https:\/\/namastecenter.es\/wp-content\/uploads\/2024\/09\/solarium-playa-del-ingles.webp",713,476,false],"woocommerce_thumbnail":["https:\/\/namastecenter.es\/wp-content\/uploads\/2024\/09\/solarium-playa-del-ingles-300x300.webp",300,300,true],"woocommerce_single":["https:\/\/namastecenter.es\/wp-content\/uploads\/2024\/09\/solarium-playa-del-ingles-600x401.webp",600,401,true],"woocommerce_gallery_thumbnail":["https:\/\/namastecenter.es\/wp-content\/uploads\/2024\/09\/solarium-playa-del-ingles-100x100.webp",100,100,true]},"uagb_author_info":{"display_name":"admin","author_link":"https:\/\/namastecenter.es\/es\/author\/"},"uagb_comment_info":0,"uagb_excerpt":"Solarium en Playa del Ingl\u00e9s","_links":{"self":[{"href":"https:\/\/namastecenter.es\/es\/wp-json\/wp\/v2\/product\/277","targetHints":{"allow":["GET"]}}],"collection":[{"href":"https:\/\/namastecenter.es\/es\/wp-json\/wp\/v2\/product"}],"about":[{"href":"https:\/\/namastecenter.es\/es\/wp-json\/wp\/v2\/types\/product"}],"wp:featuredmedia":[{"embeddable":true,"href":"https:\/\/namastecenter.es\/es\/wp-json\/wp\/v2\/media\/257"}],"wp:attachment":[{"href":"https:\/\/namastecenter.es\/es\/wp-json\/wp\/v2\/media?parent=277"}],"wp:term":[{"taxonomy":"product_brand","embeddable":true,"href":"https:\/\/namastecenter.es\/es\/wp-json\/wp\/v2\/product_brand?post=277"},{"taxonomy":"product_cat","embeddable":true,"href":"https:\/\/namastecenter.es\/es\/wp-json\/wp\/v2\/product_cat?post=277"},{"taxonomy":"product_tag","embeddable":true,"href":"https:\/\/namastecenter.es\/es\/wp-json\/wp\/v2\/product_tag?post=277"}],"curies":[{"name":"wp","href":"https:\/\/api.w.org\/{rel}","templated":true}]}}