{"id":619,"date":"2025-08-06T08:31:50","date_gmt":"2025-08-06T08:31:50","guid":{"rendered":"https:\/\/namastecenter.es\/accessibility\/"},"modified":"2025-08-06T08:41:10","modified_gmt":"2025-08-06T08:41:10","slug":"accessibility","status":"publish","type":"page","link":"https:\/\/namastecenter.es\/es\/accessibility\/","title":{"rendered":"Accesibilidad"},"content":{"rendered":"\n<p>En <strong>Namaste<\/strong>, nos comprometemos a garantizar la accesibilidad de nuestro sitio web para todas las personas, incluidas aquellas con discapacidades.<\/p>\n\n\n\n<p>Trabajamos continuamente para mejorar la experiencia de usuario y aplicar los est\u00e1ndares de accesibilidad recomendados por la <strong>WAI (Web Accessibility Initiative)<\/strong> del <strong>W3C<\/strong>, en cumplimiento con las <strong>Pautas de Accesibilidad al Contenido en la Web (WCAG)<\/strong> 2.1 en su nivel AA.<\/p>\n\n\n\n<p><strong>Medidas adoptadas:<\/strong><\/p>\n\n\n\n<ul class=\"wp-block-list\">\n<li>Dise\u00f1o adaptable (responsive) para distintos dispositivos.<\/li>\n\n\n\n<li>Contraste de colores adecuado para personas con baja visi\u00f3n.<\/li>\n\n\n\n<li>Navegaci\u00f3n mediante teclado.<\/li>\n\n\n\n<li>Etiquetas alternativas en im\u00e1genes (alt text).<\/li>\n\n\n\n<li>Estructura clara y jerarquizada de los contenidos.<\/li>\n<\/ul>\n\n\n\n<p><strong>Limitaciones o excepciones:<\/strong><\/p>\n\n\n\n<p>Es posible que algunos contenidos antiguos o de terceros no cumplan plenamente con todos los criterios de accesibilidad. No obstante, estamos comprometidos a buscar soluciones y corregir dichas incidencias progresivamente.<\/p>\n\n\n\n<p><strong>Contacto para sugerencias o dificultades de acceso:<\/strong><\/p>\n\n\n\n<p>Si encuentras alguna barrera de accesibilidad o tienes sugerencias para mejorarla, por favor cont\u00e1ctanos a trav\u00e9s del correo electr\u00f3nico:<br>\ud83d\udce7 <strong><a>namaste-gc@hotmail.com<\/a><\/strong><br>\ud83d\udcde <strong>+34 638 456 633<\/strong><\/p>\n","protected":false},"excerpt":{"rendered":"<p>En Namaste, nos comprometemos a garantizar la accesibilidad de nuestro sitio web para todas las personas, incluidas aquellas con discapacidades. [&hellip;]<\/p>\n","protected":false},"author":1,"featured_media":0,"parent":0,"menu_order":0,"comment_status":"closed","ping_status":"closed","template":"","meta":{"_uag_custom_page_level_css":"","site-sidebar-layout":"default","site-content-layout":"","ast-site-content-layout":"default","site-content-style":"default","site-sidebar-style":"default","ast-global-header-display":"","ast-banner-title-visibility":"","ast-main-header-display":"","ast-hfb-above-header-display":"","ast-hfb-below-header-display":"","ast-hfb-mobile-header-display":"","site-post-title":"","ast-breadcrumbs-content":"","ast-featured-img":"","footer-sml-layout":"","ast-disable-related-posts":"","theme-transparent-header-meta":"","adv-header-id-meta":"","stick-header-meta":"","header-above-stick-meta":"","header-main-stick-meta":"","header-below-stick-meta":"","astra-migrate-meta-layouts":"default","ast-page-background-enabled":"default","ast-page-background-meta":{"desktop":{"background-color":"var(--ast-global-color-4)","background-image":"","background-repeat":"repeat","background-position":"center center","background-size":"auto","background-attachment":"scroll","background-type":"","background-media":"","overlay-type":"","overlay-color":"","overlay-opacity":"","overlay-gradient":""},"tablet":{"background-color":"","background-image":"","background-repeat":"repeat","background-position":"center center","background-size":"auto","background-attachment":"scroll","background-type":"","background-media":"","overlay-type":"","overlay-color":"","overlay-opacity":"","overlay-gradient":""},"mobile":{"background-color":"","background-image":"","background-repeat":"repeat","background-position":"center center","background-size":"auto","background-attachment":"scroll","background-type":"","background-media":"","overlay-type":"","overlay-color":"","overlay-opacity":"","overlay-gradient":""}},"ast-content-background-meta":{"desktop":{"background-color":"var(--ast-global-color-5)","background-image":"","background-repeat":"repeat","background-position":"center center","background-size":"auto","background-attachment":"scroll","background-type":"","background-media":"","overlay-type":"","overlay-color":"","overlay-opacity":"","overlay-gradient":""},"tablet":{"background-color":"var(--ast-global-color-5)","background-image":"","background-repeat":"repeat","background-position":"center center","background-size":"auto","background-attachment":"scroll","background-type":"","background-media":"","overlay-type":"","overlay-color":"","overlay-opacity":"","overlay-gradient":""},"mobile":{"background-color":"var(--ast-global-color-5)","background-image":"","background-repeat":"repeat","background-position":"center center","background-size":"auto","background-attachment":"scroll","background-type":"","background-media":"","overlay-type":"","overlay-color":"","overlay-opacity":"","overlay-gradient":""}},"_joinchat":[],"footnotes":""},"class_list":["post-619","page","type-page","status-publish","hentry"],"uagb_featured_image_src":{"full":false,"thumbnail":false,"medium":false,"medium_large":false,"large":false,"1536x1536":false,"2048x2048":false,"mailpoet_newsletter_max":false,"woocommerce_thumbnail":false,"woocommerce_single":false,"woocommerce_gallery_thumbnail":false},"uagb_author_info":{"display_name":"admin","author_link":"https:\/\/namastecenter.es\/es\/author\/namaste-gc_hk0c91lh\/"},"uagb_comment_info":0,"uagb_excerpt":"En Namaste, nos comprometemos a garantizar la accesibilidad de nuestro sitio web para todas las personas, incluidas aquellas con discapacidades. [&hellip;]","_links":{"self":[{"href":"https:\/\/namastecenter.es\/es\/wp-json\/wp\/v2\/pages\/619","targetHints":{"allow":["GET"]}}],"collection":[{"href":"https:\/\/namastecenter.es\/es\/wp-json\/wp\/v2\/pages"}],"about":[{"href":"https:\/\/namastecenter.es\/es\/wp-json\/wp\/v2\/types\/page"}],"author":[{"embeddable":true,"href":"https:\/\/namastecenter.es\/es\/wp-json\/wp\/v2\/users\/1"}],"replies":[{"embeddable":true,"href":"https:\/\/namastecenter.es\/es\/wp-json\/wp\/v2\/comments?post=619"}],"version-history":[{"count":2,"href":"https:\/\/namastecenter.es\/es\/wp-json\/wp\/v2\/pages\/619\/revisions"}],"predecessor-version":[{"id":628,"href":"https:\/\/namastecenter.es\/es\/wp-json\/wp\/v2\/pages\/619\/revisions\/628"}],"wp:attachment":[{"href":"https:\/\/namastecenter.es\/es\/wp-json\/wp\/v2\/media?parent=619"}],"curies":[{"name":"wp","href":"https:\/\/api.w.org\/{rel}","templated":true}]}}