{"id":605,"date":"2025-08-06T08:28:43","date_gmt":"2025-08-06T08:28:43","guid":{"rendered":"https:\/\/namastecenter.es\/aviso-legal\/"},"modified":"2025-08-06T08:43:08","modified_gmt":"2025-08-06T08:43:08","slug":"aviso-legal","status":"publish","type":"page","link":"https:\/\/namastecenter.es\/es\/aviso-legal\/","title":{"rendered":"Aviso Legal"},"content":{"rendered":"\n<p><strong>Titular del Sitio Web:<\/strong><br>En cumplimiento con el deber de informaci\u00f3n recogido en el art\u00edculo 10 de la Ley 34\/2002, de 11 de julio, de Servicios de la Sociedad de la Informaci\u00f3n y del Comercio Electr\u00f3nico, se informa de que el presente sitio web es propiedad de:<\/p>\n\n\n\n<ul class=\"wp-block-list\">\n<li><strong>Titular:<\/strong> Antonio Jes\u00fas Priego Guijarro<\/li>\n\n\n\n<li><strong>NIF\/CIF:<\/strong> 26969701Q<\/li>\n\n\n\n<li><strong>Direcci\u00f3n:<\/strong> Avenida 8 de Marzo 22, Local 104-105, 35100 San Bartolom\u00e9 de Tirajana, Las Palmas, Espa\u00f1a<\/li>\n\n\n\n<li><strong>Tel\u00e9fono:<\/strong> 638 456 633<\/li>\n\n\n\n<li><strong>Correo electr\u00f3nico:<\/strong> <a>namaste-gc@hotmail.com<\/a><\/li>\n<\/ul>\n\n\n\n<p><strong>Objeto del Sitio Web:<\/strong><br>Este sitio web tiene como finalidad ofrecer informaci\u00f3n sobre los productos y\/o servicios proporcionados por el titular.<\/p>\n\n\n\n<p><strong>Responsabilidad del Usuario:<\/strong><br>El usuario se compromete a hacer un uso adecuado de los contenidos y servicios ofrecidos a trav\u00e9s del sitio web y a no emplearlos para incurrir en actividades il\u00edcitas o contrarias a la buena fe y al ordenamiento legal.<\/p>\n\n\n\n<p><strong>Propiedad Intelectual e Industrial:<\/strong><br>Todos los contenidos del sitio web, salvo que se indique lo contrario, son titularidad exclusiva de Antonio Jes\u00fas Priego Guijarro y, con car\u00e1cter enunciativo, pero no limitativo, el dise\u00f1o gr\u00e1fico, c\u00f3digo fuente, logotipos, textos, gr\u00e1ficos, ilustraciones, fotograf\u00edas, y dem\u00e1s elementos que aparecen en el sitio web. Est\u00e1n protegidos por la legislaci\u00f3n espa\u00f1ola e internacional sobre propiedad intelectual e industrial.<\/p>\n\n\n\n<p><strong>Legislaci\u00f3n Aplicable y Jurisdicci\u00f3n:<\/strong><br>La relaci\u00f3n entre el titular y el usuario se regir\u00e1 por la normativa espa\u00f1ola vigente, y cualquier controversia se someter\u00e1 a los Juzgados y Tribunales de la ciudad de San Bartolom\u00e9 de Tirajana, salvo que la normativa aplicable disponga otra cosa.<\/p>\n","protected":false},"excerpt":{"rendered":"<p>Titular del Sitio Web:En cumplimiento con el deber de informaci\u00f3n recogido en el art\u00edculo 10 de la Ley 34\/2002, de [&hellip;]<\/p>\n","protected":false},"author":1,"featured_media":0,"parent":0,"menu_order":0,"comment_status":"closed","ping_status":"closed","template":"","meta":{"_uag_custom_page_level_css":"","site-sidebar-layout":"default","site-content-layout":"","ast-site-content-layout":"default","site-content-style":"default","site-sidebar-style":"default","ast-global-header-display":"","ast-banner-title-visibility":"","ast-main-header-display":"","ast-hfb-above-header-display":"","ast-hfb-below-header-display":"","ast-hfb-mobile-header-display":"","site-post-title":"","ast-breadcrumbs-content":"","ast-featured-img":"","footer-sml-layout":"","ast-disable-related-posts":"","theme-transparent-header-meta":"","adv-header-id-meta":"","stick-header-meta":"","header-above-stick-meta":"","header-main-stick-meta":"","header-below-stick-meta":"","astra-migrate-meta-layouts":"default","ast-page-background-enabled":"default","ast-page-background-meta":{"desktop":{"background-color":"var(--ast-global-color-4)","background-image":"","background-repeat":"repeat","background-position":"center center","background-size":"auto","background-attachment":"scroll","background-type":"","background-media":"","overlay-type":"","overlay-color":"","overlay-opacity":"","overlay-gradient":""},"tablet":{"background-color":"","background-image":"","background-repeat":"repeat","background-position":"center center","background-size":"auto","background-attachment":"scroll","background-type":"","background-media":"","overlay-type":"","overlay-color":"","overlay-opacity":"","overlay-gradient":""},"mobile":{"background-color":"","background-image":"","background-repeat":"repeat","background-position":"center center","background-size":"auto","background-attachment":"scroll","background-type":"","background-media":"","overlay-type":"","overlay-color":"","overlay-opacity":"","overlay-gradient":""}},"ast-content-background-meta":{"desktop":{"background-color":"var(--ast-global-color-5)","background-image":"","background-repeat":"repeat","background-position":"center center","background-size":"auto","background-attachment":"scroll","background-type":"","background-media":"","overlay-type":"","overlay-color":"","overlay-opacity":"","overlay-gradient":""},"tablet":{"background-color":"var(--ast-global-color-5)","background-image":"","background-repeat":"repeat","background-position":"center center","background-size":"auto","background-attachment":"scroll","background-type":"","background-media":"","overlay-type":"","overlay-color":"","overlay-opacity":"","overlay-gradient":""},"mobile":{"background-color":"var(--ast-global-color-5)","background-image":"","background-repeat":"repeat","background-position":"center center","background-size":"auto","background-attachment":"scroll","background-type":"","background-media":"","overlay-type":"","overlay-color":"","overlay-opacity":"","overlay-gradient":""}},"_joinchat":[],"footnotes":""},"class_list":["post-605","page","type-page","status-publish","hentry"],"uagb_featured_image_src":{"full":false,"thumbnail":false,"medium":false,"medium_large":false,"large":false,"1536x1536":false,"2048x2048":false,"mailpoet_newsletter_max":false,"woocommerce_thumbnail":false,"woocommerce_single":false,"woocommerce_gallery_thumbnail":false},"uagb_author_info":{"display_name":"admin","author_link":"https:\/\/namastecenter.es\/es\/author\/namaste-gc_hk0c91lh\/"},"uagb_comment_info":0,"uagb_excerpt":"Titular del Sitio Web:En cumplimiento con el deber de informaci\u00f3n recogido en el art\u00edculo 10 de la Ley 34\/2002, de [&hellip;]","_links":{"self":[{"href":"https:\/\/namastecenter.es\/es\/wp-json\/wp\/v2\/pages\/605","targetHints":{"allow":["GET"]}}],"collection":[{"href":"https:\/\/namastecenter.es\/es\/wp-json\/wp\/v2\/pages"}],"about":[{"href":"https:\/\/namastecenter.es\/es\/wp-json\/wp\/v2\/types\/page"}],"author":[{"embeddable":true,"href":"https:\/\/namastecenter.es\/es\/wp-json\/wp\/v2\/users\/1"}],"replies":[{"embeddable":true,"href":"https:\/\/namastecenter.es\/es\/wp-json\/wp\/v2\/comments?post=605"}],"version-history":[{"count":4,"href":"https:\/\/namastecenter.es\/es\/wp-json\/wp\/v2\/pages\/605\/revisions"}],"predecessor-version":[{"id":633,"href":"https:\/\/namastecenter.es\/es\/wp-json\/wp\/v2\/pages\/605\/revisions\/633"}],"wp:attachment":[{"href":"https:\/\/namastecenter.es\/es\/wp-json\/wp\/v2\/media?parent=605"}],"curies":[{"name":"wp","href":"https:\/\/api.w.org\/{rel}","templated":true}]}}