{"id":273,"date":"2024-09-12T16:37:54","date_gmt":"2024-09-12T16:37:54","guid":{"rendered":"https:\/\/namastecenter.es\/inicio\/"},"modified":"2026-03-10T09:34:07","modified_gmt":"2026-03-10T09:34:07","slug":"namaste-center","status":"publish","type":"page","link":"https:\/\/namastecenter.es\/es\/","title":{"rendered":"Masajes en Playa del Ingl\u00e9s"},"content":{"rendered":"\n<div class=\"wp-block-uagb-container uagb-block-tzrkteb7 alignfull uagb-is-root-container\"><div class=\"uagb-container-inner-blocks-wrap\">\n<div class=\"wp-block-uagb-container uagb-block-898575ee\">\n<p><\/p>\n\n\n\n<p><\/p>\n<\/div>\n\n\n\n<div class=\"wp-block-uagb-info-box uagb-block-pdgpyf21 uagb-infobox__content-wrap  uagb-infobox-icon-above-title uagb-infobox-image-valign-top\"><div class=\"uagb-ifb-content\"><div class=\"uagb-ifb-title-wrap\"><p class=\"uagb-ifb-title-prefix\"><br>Experimenta el placer de desconectar<\/p><h1 class=\"uagb-ifb-title\">Experimenta el placer de desconectar<\/h1><\/div><div class=\"uagb-ifb-desc\">\n<p>Centro Namast\u00e9: Tu oasis de relajaci\u00f3n en Playa del Ingl\u00e9s<\/p>\n<\/div><\/div><\/div>\n\n\n\n<div class=\"wp-block-uagb-buttons uagb-buttons__outer-wrap uagb-btn__default-btn uagb-btn-tablet__default-btn uagb-btn-mobile__default-btn uagb-block-hgoiftva\"><div class=\"uagb-buttons__wrap uagb-buttons-layout-wrap \">\n<div class=\"wp-block-uagb-buttons-child uagb-buttons__outer-wrap uagb-block-ihczn16l wp-block-button\"><div class=\"uagb-button__wrapper\"><a class=\"uagb-buttons-repeater wp-block-button__link\" aria-label=\"\" href=\"\/massages-and-treatments\/\" rel=\"follow noopener\" target=\"_self\" role=\"button\"><div class=\"uagb-button__link\">VER TRATAMIENTOS<\/div><\/a><\/div><\/div>\n<\/div><\/div>\n<\/div><\/div>\n\n<div class=\"wp-block-group alignfull has-ast-global-color-8-background-color has-background is-layout-constrained wp-container-core-group-is-layout-94d206d0 wp-block-group-is-layout-constrained\" id=\"aboutus\" style=\"padding-top:143px;padding-bottom:144px\">\n<div class=\"wp-block-media-text has-media-on-the-right is-stacked-on-mobile is-vertically-aligned-center\"><div class=\"wp-block-media-text__content\">\n<div class=\"inherit-container-width wp-block-group is-layout-constrained wp-container-core-group-is-layout-47ce07ec wp-block-group-is-layout-constrained\" style=\"padding-right:80px\">\n<h2 class=\"wp-block-heading has-ast-global-color-5-color has-text-color has-link-color wp-elements-e764e6060793dd09e25064694ea9d697\" style=\"padding-right:40px\">SOBRE NOSOTROS<\/h2>\n\n\n\n<p>Desde 2009, ofrecemos con orgullo <strong>masajes excepcionales en Playa del Ingl\u00e9s<\/strong>, ofreciendo a nuestros clientes una experiencia \u00fanica y \u00fanica. Visitantes de todos los rincones del mundo nos eligen para sus necesidades de relajaci\u00f3n y bienestar durante su estancia en Gran Canaria. <\/p>\n\n\n\n<h2 class=\"wp-block-heading has-ast-global-color-5-color has-text-color has-link-color wp-elements-1516f51c0dc52de396efea4cd5187670\">Un Santuario de Tranquilidad, Paz y Armon\u00eda<\/h2>\n\n\n\n<p>Nuestro centro es un santuario de tranquilidad, paz y armon\u00eda, dise\u00f1ado exclusivamente para ayudarte a relajarte. Con una fusi\u00f3n de t\u00e9cnicas de masaje tradicionales y una innovadora tecnolog\u00eda de bienestar, llevamos lo mejor de ambos mundos al alcance de su mano. <\/p>\n\n\n\n<p><\/p>\n<\/div>\n<\/div><figure class=\"wp-block-media-text__media\"><img loading=\"lazy\" decoding=\"async\" width=\"819\" height=\"1024\" src=\"https:\/\/namastecenter.es\/wp-content\/uploads\/2024\/09\/legsmassage_98cf918a-4ef4-479c-bf69-763163b4245d-819x1024.jpg\" alt=\"- | -\" class=\"wp-image-51 size-full\" title=\"Servicios profesionales de\" srcset=\"https:\/\/namastecenter.es\/wp-content\/uploads\/2024\/09\/legsmassage_98cf918a-4ef4-479c-bf69-763163b4245d-819x1024.jpg 819w, https:\/\/namastecenter.es\/wp-content\/uploads\/2024\/09\/legsmassage_98cf918a-4ef4-479c-bf69-763163b4245d-600x750.jpg 600w, https:\/\/namastecenter.es\/wp-content\/uploads\/2024\/09\/legsmassage_98cf918a-4ef4-479c-bf69-763163b4245d-240x300.jpg 240w, https:\/\/namastecenter.es\/wp-content\/uploads\/2024\/09\/legsmassage_98cf918a-4ef4-479c-bf69-763163b4245d-768x960.jpg 768w, https:\/\/namastecenter.es\/wp-content\/uploads\/2024\/09\/legsmassage_98cf918a-4ef4-479c-bf69-763163b4245d.jpg 1024w\" sizes=\"auto, (max-width: 819px) 100vw, 819px\" \/><\/figure><\/div>\n<\/div>\n\n<div class=\"wp-block-group alignfull is-layout-constrained wp-container-core-group-is-layout-3fee123f wp-block-group-is-layout-constrained\" id=\"experiences\" style=\"padding-top:144px;padding-bottom:144px\">\n<h2 class=\"wp-block-heading\">Opiniones de clientes sobre Masajes en Playa del Ingl\u00e9s<\/h2>\n\n\n\n<div class=\"wp-block-columns is-layout-flex wp-container-core-columns-is-layout-29aadeec wp-block-columns-is-layout-flex\" style=\"margin-top:60px\">\n<div class=\"wp-block-column is-layout-flow wp-container-core-column-is-layout-6b73ce23 wp-block-column-is-layout-flow\">\n<figure class=\"wp-block-image size-large\"><img decoding=\"async\" src=\"https:\/\/namastecenter.es\/wp-content\/themes\/astra\/inc\/assets\/images\/starter-content\/passionate.svg\" alt=\"- | -\" class=\"wp-image-162\" title=\"Servicios profesionales de\"><\/figure>\n\n\n\n<h3 class=\"wp-block-heading\" style=\"margin-top:16px\"><strong>Miguel A.<\/strong><\/h3>\n\n\n\n<p>Tony es un profesional de primer nivel cuando se trata de los mejores <strong>masajes en Playa del Ingl\u00e9s<\/strong>. El entorno est\u00e1 incre\u00edblemente bien cuidado y es relajante. Fue una experiencia que no solo san\u00f3 mi cuerpo f\u00edsicamente (mi tensi\u00f3n en la espalda se alivi\u00f3 enormemente), sino que tambi\u00e9n fue mentalmente relajante. Recomiendo encarecidamente sus servicios si buscas masajes de calidad en Playa del Ingl\u00e9s.   <\/p>\n<\/div>\n\n\n\n<div class=\"wp-block-column is-layout-flow wp-container-core-column-is-layout-6b73ce23 wp-block-column-is-layout-flow\">\n<figure class=\"wp-block-image size-large\"><img decoding=\"async\" src=\"https:\/\/namastecenter.es\/wp-content\/themes\/astra\/inc\/assets\/images\/starter-content\/professional.svg\" alt=\"- | -\" class=\"wp-image-163\" title=\"Servicios profesionales de\"><\/figure>\n\n\n\n<h3 class=\"wp-block-heading\" style=\"margin-top:16px\"><strong>\u00c1lvaro C.<\/strong><\/h3>\n\n\n\n<p>Una experiencia maravillosa y muy recomendable. Este es un verdadero lugar para relajarse y desconectar. Son grandes profesionales que brindan masajes de alta calidad <strong>en Playa del Ingl\u00e9s<\/strong> a precios muy razonables. Definitivamente volver\u00e9.   <\/p>\n<\/div>\n\n\n\n<div class=\"wp-block-column is-layout-flow wp-container-core-column-is-layout-6b73ce23 wp-block-column-is-layout-flow\">\n<figure class=\"wp-block-image size-large\"><img decoding=\"async\" src=\"https:\/\/namastecenter.es\/wp-content\/themes\/astra\/inc\/assets\/images\/starter-content\/support.svg\" alt=\"- | -\" class=\"wp-image-164\" title=\"Servicios profesionales de\"><\/figure>\n\n\n\n<h3 class=\"wp-block-heading\" style=\"margin-top:16px\"><strong>Thierry D.<\/strong><\/h3>\n\n\n\n<p>  Los terapeutas y esteticistas no solo son altamente cualificados, sino que tambi\u00e9n poseen una pasi\u00f3n genuina por su oficio. Su profesionalidad y dedicaci\u00f3n se reflejan en cada interacci\u00f3n, haciendo que tu experiencia con nuestros <strong>masajes en Playa del Ingl\u00e9s<\/strong> sea realmente memorable.<\/p>\n<\/div>\n<\/div>\n<\/div>\n\n<div class=\"wp-block-uagb-container uagb-block-xablivht alignfull uagb-is-root-container\"><div class=\"uagb-container-inner-blocks-wrap\">\n<div class=\"wp-block-uagb-info-box uagb-block-1l1byauq uagb-infobox__content-wrap  uagb-infobox-icon-above-title uagb-infobox-image-valign-top\"><div class=\"uagb-ifb-content\"><div class=\"uagb-ifb-title-wrap\"><h1 class=\"uagb-ifb-title\">Comprometidos con la calidad y la excelencia<\/h1><\/div><p class=\"uagb-ifb-desc\">Estamos equipados con m\u00e1quinas de alta gama, como l\u00e1seres de diodo y unidades de presoterapia, lo que refleja nuestro compromiso con la <strong>calidad y la excelencia<\/strong>. Tanto si eres un local como un visitante que busca experimentar los mejores <strong>masajes en Playa del Ingl\u00e9s<\/strong>, atr\u00e9vete a sumergirte en nuestro maravilloso viaje de bienestar, donde cada detalle est\u00e1 cuidadosamente seleccionado para tu disfrute. <\/p><\/div><\/div>\n<\/div><\/div>\n","protected":false},"excerpt":{"rendered":"<p>SOBRE NOSOTROS Desde 2009, ofrecemos con orgullo masajes excepcionales en Playa del Ingl\u00e9s, ofreciendo a nuestros clientes una experiencia \u00fanica [&hellip;]<\/p>\n","protected":false},"author":1,"featured_media":0,"parent":0,"menu_order":0,"comment_status":"closed","ping_status":"closed","template":"","meta":{"_uag_custom_page_level_css":"","site-sidebar-layout":"no-sidebar","site-content-layout":"plain-container","ast-site-content-layout":"default","site-content-style":"default","site-sidebar-style":"default","ast-global-header-display":"","ast-banner-title-visibility":"","ast-main-header-display":"","ast-hfb-above-header-display":"","ast-hfb-below-header-display":"","ast-hfb-mobile-header-display":"","site-post-title":"disabled","ast-breadcrumbs-content":"","ast-featured-img":"","footer-sml-layout":"","ast-disable-related-posts":"","theme-transparent-header-meta":"enabled","adv-header-id-meta":"","stick-header-meta":"","header-above-stick-meta":"","header-main-stick-meta":"","header-below-stick-meta":"","astra-migrate-meta-layouts":"default","ast-page-background-enabled":"default","ast-page-background-meta":{"desktop":{"background-color":"var(--ast-global-color-4)","background-image":"","background-repeat":"repeat","background-position":"center center","background-size":"auto","background-attachment":"scroll","background-type":"","background-media":"","overlay-type":"","overlay-color":"","overlay-opacity":"","overlay-gradient":""},"tablet":{"background-color":"","background-image":"","background-repeat":"repeat","background-position":"center center","background-size":"auto","background-attachment":"scroll","background-type":"","background-media":"","overlay-type":"","overlay-color":"","overlay-opacity":"","overlay-gradient":""},"mobile":{"background-color":"","background-image":"","background-repeat":"repeat","background-position":"center center","background-size":"auto","background-attachment":"scroll","background-type":"","background-media":"","overlay-type":"","overlay-color":"","overlay-opacity":"","overlay-gradient":""}},"ast-content-background-meta":{"desktop":{"background-color":"var(--ast-global-color-5)","background-image":"","background-repeat":"repeat","background-position":"center center","background-size":"auto","background-attachment":"scroll","background-type":"","background-media":"","overlay-type":"","overlay-color":"","overlay-opacity":"","overlay-gradient":""},"tablet":{"background-color":"var(--ast-global-color-5)","background-image":"","background-repeat":"repeat","background-position":"center center","background-size":"auto","background-attachment":"scroll","background-type":"","background-media":"","overlay-type":"","overlay-color":"","overlay-opacity":"","overlay-gradient":""},"mobile":{"background-color":"var(--ast-global-color-5)","background-image":"","background-repeat":"repeat","background-position":"center center","background-size":"auto","background-attachment":"scroll","background-type":"","background-media":"","overlay-type":"","overlay-color":"","overlay-opacity":"","overlay-gradient":""}},"_joinchat":[],"footnotes":""},"class_list":["post-273","page","type-page","status-publish","hentry"],"uagb_featured_image_src":{"full":false,"thumbnail":false,"medium":false,"medium_large":false,"large":false,"1536x1536":false,"2048x2048":false,"mailpoet_newsletter_max":false,"woocommerce_thumbnail":false,"woocommerce_single":false,"woocommerce_gallery_thumbnail":false},"uagb_author_info":{"display_name":"admin","author_link":"https:\/\/namastecenter.es\/es\/author\/namaste-gc_hk0c91lh\/"},"uagb_comment_info":0,"uagb_excerpt":"SOBRE NOSOTROS Desde 2009, ofrecemos con orgullo masajes excepcionales en Playa del Ingl\u00e9s, ofreciendo a nuestros clientes una experiencia \u00fanica [&hellip;]","_links":{"self":[{"href":"https:\/\/namastecenter.es\/es\/wp-json\/wp\/v2\/pages\/273","targetHints":{"allow":["GET"]}}],"collection":[{"href":"https:\/\/namastecenter.es\/es\/wp-json\/wp\/v2\/pages"}],"about":[{"href":"https:\/\/namastecenter.es\/es\/wp-json\/wp\/v2\/types\/page"}],"author":[{"embeddable":true,"href":"https:\/\/namastecenter.es\/es\/wp-json\/wp\/v2\/users\/1"}],"replies":[{"embeddable":true,"href":"https:\/\/namastecenter.es\/es\/wp-json\/wp\/v2\/comments?post=273"}],"version-history":[{"count":6,"href":"https:\/\/namastecenter.es\/es\/wp-json\/wp\/v2\/pages\/273\/revisions"}],"predecessor-version":[{"id":970,"href":"https:\/\/namastecenter.es\/es\/wp-json\/wp\/v2\/pages\/273\/revisions\/970"}],"wp:attachment":[{"href":"https:\/\/namastecenter.es\/es\/wp-json\/wp\/v2\/media?parent=273"}],"curies":[{"name":"wp","href":"https:\/\/api.w.org\/{rel}","templated":true}]}}